{"id":5021,"date":"2020-08-02T11:06:19","date_gmt":"2020-08-02T08:06:19","guid":{"rendered":"https:\/\/rentalcars-santorini.com\/haeufig-gestellte-fragen\/"},"modified":"2021-08-05T13:36:04","modified_gmt":"2021-08-05T10:36:04","slug":"haeufig-gestellte-fragen","status":"publish","type":"page","link":"https:\/\/rentalcars-santorini.com\/de\/haeufig-gestellte-fragen\/","title":{"rendered":"H\u00e4ufig gestellte Fragen"},"content":{"rendered":"<div class=\"wpb-content-wrapper\"><p>[vc_row][vc_column width=&#8220;1\/6&#8243;][\/vc_column][vc_column width=&#8220;2\/3&#8243;]<div class=\"fancy-title align_center\"><h2 class=\"vc_underline_title vc_title\">Allgemeine Fragen<\/h2><div class=\"vc_underline secondary_color_background\"><\/div><\/div>[vc_column_text]<\/p>\n<h3 style=\"text-align: center;\">In diesem Abschnitt finden Sie alle h\u00e4ufig gestellten Fragen.<br \/>\nWenn Sie weitere Informationen ben\u00f6tigen, z\u00f6gern Sie nicht uns zu <a href=\"http:\/\/www.wpcarrental.com\/modern\/contact\/\">kontaktieren.<\/a><\/h3>\n<p>[\/vc_column_text][vc_toggle title=&#8220;Sind die Fahrzeuge versichert?&#8220; style=&#8220;arrow&#8220; size=&#8220;lg&#8220; el_id=&#8220;1503108365184-6651c676-ed6b&#8220;]Ja, alle unsere Fahrzeuge haben obligatorische Zivilversicherungen, einschlie\u00dflich aller Steuern (MwSt., lokale Steuern)[\/vc_toggle][vc_toggle title=&#8220;Wie alt muss ich sein, um ein Auto zu mieten?&#8220; style=&#8220;arrow&#8220; el_id=&#8220;1503108588928-b0e0c6e4-4e6a&#8220;]Um einen Motorroller oder ein Motorrad zu mieten, betr\u00e4gt das Mindestalter 21 Jahre.<br \/>\nUm ein Quad zu mieten, ist das Mindestalter 21 Jahre.<\/p>\n<p>Um ein Auto zu mieten, ist das Mindestalter 23 Jahre[\/vc_toggle][vc_toggle title=&#8220;Wie lange muss ich den F\u00fchrerschein haben?&#8220; style=&#8220;arrow&#8220;]F\u00fcr die Anmietung eines Fahrzeuge ben\u00f6tigen Sie einen g\u00fcltigen F\u00fchrerschein f\u00fcr mindestens ein Jahr.[\/vc_toggle][vc_toggle title=&#8220;Ben\u00f6tige ich einen internationalen F\u00fchrerschein?&#8220; style=&#8220;arrow&#8220;]Der internationale F\u00fchrerschein ist nur von ausstellenden L\u00e4ndern erforderlich, die im \u00dcbereinkommen \u00fcber den Stra\u00dfenverkehr, Wien 1968, nicht als Vertragsparteien aufgef\u00fchrt sind.<br \/>\nWenn Sie nicht sicher sind, ob Ihr Land enthalten ist, kontaktieren Sie uns bitte vor der Buchung.<br \/>\nInternationale Fahrerlaubnis ist f\u00fcr alle nicht-europ\u00e4ischen Fahrer erforderlich![\/vc_toggle][vc_toggle title=&#8220;Welche Anforderungen hat der Fahrer, um ein Auto, einen Scooter, ein Motorrad oder ATV zu mieten?&#8220; style=&#8220;arrow&#8220; el_id=&#8220;1503108436210-880cdb63-6785&#8243;]F\u00fcr 125cc Scooter ist ein g\u00fcltiger F\u00fchrerschein Typ A1 oder h\u00f6her erforderlich.<br \/>\nLizenztyp B f\u00fcr den ATV.<br \/>\nF\u00fcr Autos ben\u00f6tigen F\u00fchrerschein Typ B.[\/vc_toggle][vc_toggle title=&#8220;Kann ich das Auto nach der Reservierung wechseln?&#8220; style=&#8220;arrow&#8220; el_id=&#8220;1503108650445-c76d15ae-321e&#8220;]Ja. Wenn Sie Ihre Reservierung eines Autos nach der Genehmigung \u00e4ndern oder stornieren m\u00f6chten, rufen Sie bitte+30 2286 031668 an oder erreichen Sie uns \u00fcber Kontakte, die auf der Seite Kontakte zur Verf\u00fcgung gestellt werden.[\/vc_toggle][vc_toggle title=&#8220;Woher kann ich das Auto bringen und wo soll ich es zur\u00fcckgeben?&#8220; style=&#8220;arrow&#8220;]Sie k\u00f6nnen das Fahrzeug im B\u00fcro Moto Panos Mesaria, Santorini nehmen. Wenn Sie ein Auto f\u00fcr mehr als drei Tage reserviert haben, k\u00f6nnen wir das Auto an den Ort Ihrer Wahl liefern. Das Auto muss an einen vereinbarten Ort in Santorin zur\u00fcckgebracht werden. Drop-off\/R\u00fcckkehr zum Flughafen kostenlos.[\/vc_toggle][vc_toggle title=&#8220;Wo ist der Abholtreff am Flughafen?&#8220; style=&#8220;arrow&#8220; size=&#8220;lg&#8220;]Bei Ihrer Ankunft warten wir auf Sie am Ausgang des Flughafens mit einem Schild mit Ihrem Namen.[\/vc_toggle][vc_toggle title=&#8220;Was soll ich tun, wenn das Auto kaputt geht?&#8220; style=&#8220;arrow&#8220;]<\/p>\n<h5>Wenn Ihr Auto ausf\u00e4llt, rufen Sie uns bitte sofort an unter +30 2286 031668<\/h5>\n<h5 id=\"1330094406\" class=\"u_1330094406 dmNewParagraph\" data-uialign=\"center\" data-element-type=\"paragraph\"><\/h5>\n<p>[\/vc_toggle][vc_toggle title=&#8220;Liefern Sie Autos au\u00dferhalb von Sanntorini Mesaria ?&#8220; style=&#8220;arrow&#8220;]Ja, wir liefern Ihnen das Auto an den Ort Ihrer Wahl f\u00fcr einen zus\u00e4tzlichen Preis.[\/vc_toggle][vc_toggle title=&#8220;Wann kann ich Sie kontaktieren?&#8220; style=&#8220;arrow&#8220;]<\/p>\n<h5>Sie k\u00f6nnen uns 24\/7 anrufen, indem Sie uns unter der Telefonnummer +30 2286 031668 anrufen.<\/h5>\n<h5 id=\"1330094406\" class=\"u_1330094406 dmNewParagraph\" data-uialign=\"center\" data-element-type=\"paragraph\"><\/h5>\n<p>[\/vc_toggle][vc_toggle title=&#8220;Wie kann ich bezahlen ?&#8220; style=&#8220;arrow&#8220;]Wir bieten unseren Kunden folgende Zahlungsm\u00f6glichkeiten:<\/p>\n<p>Bezahlen Sie bei Lieferung mit Bar- und Kredit-\/Debitkarte.[\/vc_toggle][vc_toggle title=&#8220;Gibt es Karten im Auto?&#8220; style=&#8220;arrow&#8220;]Ja, wenn Sie m\u00f6chten, stellen wir Karten von Santorin und Griechenland kostenlos zur Verf\u00fcgung.[\/vc_toggle][vc_empty_space][\/vc_column][vc_column width=&#8220;1\/6&#8243;][\/vc_column][\/vc_row]<\/p>\n<\/div>","protected":false},"excerpt":{"rendered":"<p>[vc_row][vc_column width=&#8220;1\/6&#8243;][\/vc_column][vc_column width=&#8220;2\/3&#8243;][vc_column_text] In diesem Abschnitt finden Sie alle h\u00e4ufig gestellten Fragen. Wenn Sie weitere Informationen ben\u00f6tigen, z\u00f6gern Sie nicht uns zu kontaktieren. [\/vc_column_text][vc_toggle title=&#8220;Sind die Fahrzeuge versichert?&#8220; style=&#8220;arrow&#8220; size=&#8220;lg&#8220; el_id=&#8220;1503108365184-6651c676-ed6b&#8220;]Ja, alle unsere Fahrzeuge haben obligatorische Zivilversicherungen, einschlie\u00dflich aller Steuern (MwSt., lokale Steuern)[\/vc_toggle][vc_toggle title=&#8220;Wie alt muss ich sein, um ein Auto zu mieten?&#8220; style=&#8220;arrow&#8220; el_id=&#8220;1503108588928-b0e0c6e4-4e6a&#8220;]Um [&hellip;]<\/p>\n","protected":false},"author":1,"featured_media":0,"parent":0,"menu_order":0,"comment_status":"closed","ping_status":"closed","template":"","meta":{"footnotes":""},"class_list":["post-5021","page","type-page","status-publish","hentry"],"yoast_head":"<!-- This site is optimized with the Yoast SEO Premium plugin v27.5 (Yoast SEO v27.6) - https:\/\/yoast.com\/product\/yoast-seo-premium-wordpress\/ -->\n<title>H\u00e4ufig gestellte Fragen - Rent a Car,Quad,Scooter,from Moto Panos<\/title>\n<meta name=\"description\" content=\"Wie alt muss man sein, um einen ATV in Santorin Griechenland zu mieten?. Ben\u00f6tigen Sie einen internationalen F\u00fchrerschein, um einen ATV in Santorin griechenland zu mieten?\" \/>\n<meta name=\"robots\" content=\"index, follow, max-snippet:-1, max-image-preview:large, max-video-preview:-1\" \/>\n<link rel=\"canonical\" href=\"https:\/\/rentalcars-santorini.com\/de\/haeufig-gestellte-fragen\/\" \/>\n<meta property=\"og:locale\" content=\"de_DE\" \/>\n<meta property=\"og:type\" content=\"article\" \/>\n<meta property=\"og:title\" content=\"H\u00e4ufig gestellte Fragen\" \/>\n<meta property=\"og:description\" content=\"Wie alt muss man sein, um einen ATV in Santorin Griechenland zu mieten?. Ben\u00f6tigen Sie einen internationalen F\u00fchrerschein, um einen ATV in Santorin griechenland zu mieten?\" \/>\n<meta property=\"og:url\" content=\"https:\/\/rentalcars-santorini.com\/de\/haeufig-gestellte-fragen\/\" \/>\n<meta property=\"og:site_name\" content=\"Rent a Car,Quad,Scooter,from Moto Panos\" \/>\n<meta property=\"article:publisher\" content=\"https:\/\/www.facebook.com\/santorini.rental.agency\/\" \/>\n<meta property=\"article:modified_time\" content=\"2021-08-05T10:36:04+00:00\" \/>\n<meta property=\"og:image\" content=\"https:\/\/rentalcars-santorini.com\/wp-content\/uploads\/2020\/09\/rent-a-scooter-santorini.jpg\" \/>\n\t<meta property=\"og:image:width\" content=\"1536\" \/>\n\t<meta property=\"og:image:height\" content=\"2048\" \/>\n\t<meta property=\"og:image:type\" content=\"image\/jpeg\" \/>\n<meta name=\"twitter:card\" content=\"summary_large_image\" \/>\n<meta name=\"twitter:label1\" content=\"Gesch\u00e4tzte Lesezeit\" \/>\n\t<meta name=\"twitter:data1\" content=\"2\u00a0Minuten\" \/>\n<script type=\"application\/ld+json\" class=\"yoast-schema-graph\">{\"@context\":\"https:\\\/\\\/schema.org\",\"@graph\":[{\"@type\":\"WebPage\",\"@id\":\"https:\\\/\\\/rentalcars-santorini.com\\\/de\\\/haeufig-gestellte-fragen\\\/\",\"url\":\"https:\\\/\\\/rentalcars-santorini.com\\\/de\\\/haeufig-gestellte-fragen\\\/\",\"name\":\"H\u00e4ufig gestellte Fragen - Rent a Car,Quad,Scooter,from Moto Panos\",\"isPartOf\":{\"@id\":\"https:\\\/\\\/rentalcars-santorini.com\\\/de\\\/#website\"},\"datePublished\":\"2020-08-02T08:06:19+00:00\",\"dateModified\":\"2021-08-05T10:36:04+00:00\",\"description\":\"Wie alt muss man sein, um einen ATV in Santorin Griechenland zu mieten?. Ben\u00f6tigen Sie einen internationalen F\u00fchrerschein, um einen ATV in Santorin griechenland zu mieten?\",\"breadcrumb\":{\"@id\":\"https:\\\/\\\/rentalcars-santorini.com\\\/de\\\/haeufig-gestellte-fragen\\\/#breadcrumb\"},\"inLanguage\":\"de\",\"potentialAction\":[{\"@type\":\"ReadAction\",\"target\":[\"https:\\\/\\\/rentalcars-santorini.com\\\/de\\\/haeufig-gestellte-fragen\\\/\"]}]},{\"@type\":\"BreadcrumbList\",\"@id\":\"https:\\\/\\\/rentalcars-santorini.com\\\/de\\\/haeufig-gestellte-fragen\\\/#breadcrumb\",\"itemListElement\":[{\"@type\":\"ListItem\",\"position\":1,\"name\":\"Home\",\"item\":\"https:\\\/\\\/rentalcars-santorini.com\\\/de\\\/\"},{\"@type\":\"ListItem\",\"position\":2,\"name\":\"H\u00e4ufig gestellte Fragen\"}]},{\"@type\":\"WebSite\",\"@id\":\"https:\\\/\\\/rentalcars-santorini.com\\\/de\\\/#website\",\"url\":\"https:\\\/\\\/rentalcars-santorini.com\\\/de\\\/\",\"name\":\"Rent a Car,Quad,Scooter,from Moto Panos\",\"description\":\"Rental  ATV Quad Car Scooter in Santorini Greece\",\"publisher\":{\"@id\":\"https:\\\/\\\/rentalcars-santorini.com\\\/de\\\/#organization\"},\"potentialAction\":[{\"@type\":\"SearchAction\",\"target\":{\"@type\":\"EntryPoint\",\"urlTemplate\":\"https:\\\/\\\/rentalcars-santorini.com\\\/de\\\/?s={search_term_string}\"},\"query-input\":{\"@type\":\"PropertyValueSpecification\",\"valueRequired\":true,\"valueName\":\"search_term_string\"}}],\"inLanguage\":\"de\"},{\"@type\":[\"Organization\",\"Place\"],\"@id\":\"https:\\\/\\\/rentalcars-santorini.com\\\/de\\\/#organization\",\"name\":\"Moto Panos Rent A Car ATV Quad Bike Santorini\",\"url\":\"https:\\\/\\\/rentalcars-santorini.com\\\/de\\\/\",\"logo\":{\"@id\":\"https:\\\/\\\/rentalcars-santorini.com\\\/de\\\/haeufig-gestellte-fragen\\\/#local-main-organization-logo\"},\"image\":{\"@id\":\"https:\\\/\\\/rentalcars-santorini.com\\\/de\\\/haeufig-gestellte-fragen\\\/#local-main-organization-logo\"},\"sameAs\":[\"https:\\\/\\\/www.facebook.com\\\/santorini.rental.agency\\\/\",\"https:\\\/\\\/www.instagram.com\\\/motopanos_santorini\\\/\",\"https:\\\/\\\/gr.pinterest.com\\\/motopanosrentalcaratv\\\/_created\\\/\"],\"address\":{\"@id\":\"https:\\\/\\\/rentalcars-santorini.com\\\/de\\\/haeufig-gestellte-fragen\\\/#local-main-place-address\"},\"geo\":{\"@type\":\"GeoCoordinates\",\"latitude\":\"36.40498697149867\",\"longitude\":\"25.471828487705796\"},\"telephone\":[\"+30 697 352 7277\",\"+30 2286 030381\"],\"openingHoursSpecification\":[{\"@type\":\"OpeningHoursSpecification\",\"dayOfWeek\":[\"Monday\",\"Tuesday\",\"Wednesday\",\"Thursday\",\"Friday\",\"Saturday\",\"Sunday\"],\"opens\":\"08:30\",\"closes\":\"22:00\"}],\"email\":\"motopanos@rentalcars-santorini.com\"},{\"@type\":\"PostalAddress\",\"@id\":\"https:\\\/\\\/rentalcars-santorini.com\\\/de\\\/haeufig-gestellte-fragen\\\/#local-main-place-address\",\"streetAddress\":\"Mesaria\",\"addressLocality\":\"Santorini\",\"postalCode\":\"847 00\",\"addressCountry\":\"GR\"},{\"@type\":\"ImageObject\",\"inLanguage\":\"de\",\"@id\":\"https:\\\/\\\/rentalcars-santorini.com\\\/de\\\/haeufig-gestellte-fragen\\\/#local-main-organization-logo\",\"url\":\"https:\\\/\\\/rentalcars-santorini.com\\\/wp-content\\\/uploads\\\/2019\\\/10\\\/pro.png\",\"contentUrl\":\"https:\\\/\\\/rentalcars-santorini.com\\\/wp-content\\\/uploads\\\/2019\\\/10\\\/pro.png\",\"width\":172,\"height\":115,\"caption\":\"Moto Panos Rent A Car ATV Quad Bike Santorini\"}]}<\/script>\n<meta name=\"geo.placename\" content=\"Santorini\" \/>\n<meta name=\"geo.position\" content=\"36.40498697149867;25.471828487705796\" \/>\n<meta name=\"geo.region\" content=\"Griechenland\" \/>\n<!-- \/ Yoast SEO Premium plugin. -->","yoast_head_json":{"title":"H\u00e4ufig gestellte Fragen - Rent a Car,Quad,Scooter,from Moto Panos","description":"Wie alt muss man sein, um einen ATV in Santorin Griechenland zu mieten?. Ben\u00f6tigen Sie einen internationalen F\u00fchrerschein, um einen ATV in Santorin griechenland zu mieten?","robots":{"index":"index","follow":"follow","max-snippet":"max-snippet:-1","max-image-preview":"max-image-preview:large","max-video-preview":"max-video-preview:-1"},"canonical":"https:\/\/rentalcars-santorini.com\/de\/haeufig-gestellte-fragen\/","og_locale":"de_DE","og_type":"article","og_title":"H\u00e4ufig gestellte Fragen","og_description":"Wie alt muss man sein, um einen ATV in Santorin Griechenland zu mieten?. Ben\u00f6tigen Sie einen internationalen F\u00fchrerschein, um einen ATV in Santorin griechenland zu mieten?","og_url":"https:\/\/rentalcars-santorini.com\/de\/haeufig-gestellte-fragen\/","og_site_name":"Rent a Car,Quad,Scooter,from Moto Panos","article_publisher":"https:\/\/www.facebook.com\/santorini.rental.agency\/","article_modified_time":"2021-08-05T10:36:04+00:00","og_image":[{"width":1536,"height":2048,"url":"https:\/\/rentalcars-santorini.com\/wp-content\/uploads\/2020\/09\/rent-a-scooter-santorini.jpg","type":"image\/jpeg"}],"twitter_card":"summary_large_image","twitter_misc":{"Gesch\u00e4tzte Lesezeit":"2\u00a0Minuten"},"schema":{"@context":"https:\/\/schema.org","@graph":[{"@type":"WebPage","@id":"https:\/\/rentalcars-santorini.com\/de\/haeufig-gestellte-fragen\/","url":"https:\/\/rentalcars-santorini.com\/de\/haeufig-gestellte-fragen\/","name":"H\u00e4ufig gestellte Fragen - Rent a Car,Quad,Scooter,from Moto Panos","isPartOf":{"@id":"https:\/\/rentalcars-santorini.com\/de\/#website"},"datePublished":"2020-08-02T08:06:19+00:00","dateModified":"2021-08-05T10:36:04+00:00","description":"Wie alt muss man sein, um einen ATV in Santorin Griechenland zu mieten?. Ben\u00f6tigen Sie einen internationalen F\u00fchrerschein, um einen ATV in Santorin griechenland zu mieten?","breadcrumb":{"@id":"https:\/\/rentalcars-santorini.com\/de\/haeufig-gestellte-fragen\/#breadcrumb"},"inLanguage":"de","potentialAction":[{"@type":"ReadAction","target":["https:\/\/rentalcars-santorini.com\/de\/haeufig-gestellte-fragen\/"]}]},{"@type":"BreadcrumbList","@id":"https:\/\/rentalcars-santorini.com\/de\/haeufig-gestellte-fragen\/#breadcrumb","itemListElement":[{"@type":"ListItem","position":1,"name":"Home","item":"https:\/\/rentalcars-santorini.com\/de\/"},{"@type":"ListItem","position":2,"name":"H\u00e4ufig gestellte Fragen"}]},{"@type":"WebSite","@id":"https:\/\/rentalcars-santorini.com\/de\/#website","url":"https:\/\/rentalcars-santorini.com\/de\/","name":"Rent a Car,Quad,Scooter,from Moto Panos","description":"Rental  ATV Quad Car Scooter in Santorini Greece","publisher":{"@id":"https:\/\/rentalcars-santorini.com\/de\/#organization"},"potentialAction":[{"@type":"SearchAction","target":{"@type":"EntryPoint","urlTemplate":"https:\/\/rentalcars-santorini.com\/de\/?s={search_term_string}"},"query-input":{"@type":"PropertyValueSpecification","valueRequired":true,"valueName":"search_term_string"}}],"inLanguage":"de"},{"@type":["Organization","Place"],"@id":"https:\/\/rentalcars-santorini.com\/de\/#organization","name":"Moto Panos Rent A Car ATV Quad Bike Santorini","url":"https:\/\/rentalcars-santorini.com\/de\/","logo":{"@id":"https:\/\/rentalcars-santorini.com\/de\/haeufig-gestellte-fragen\/#local-main-organization-logo"},"image":{"@id":"https:\/\/rentalcars-santorini.com\/de\/haeufig-gestellte-fragen\/#local-main-organization-logo"},"sameAs":["https:\/\/www.facebook.com\/santorini.rental.agency\/","https:\/\/www.instagram.com\/motopanos_santorini\/","https:\/\/gr.pinterest.com\/motopanosrentalcaratv\/_created\/"],"address":{"@id":"https:\/\/rentalcars-santorini.com\/de\/haeufig-gestellte-fragen\/#local-main-place-address"},"geo":{"@type":"GeoCoordinates","latitude":"36.40498697149867","longitude":"25.471828487705796"},"telephone":["+30 697 352 7277","+30 2286 030381"],"openingHoursSpecification":[{"@type":"OpeningHoursSpecification","dayOfWeek":["Monday","Tuesday","Wednesday","Thursday","Friday","Saturday","Sunday"],"opens":"08:30","closes":"22:00"}],"email":"motopanos@rentalcars-santorini.com"},{"@type":"PostalAddress","@id":"https:\/\/rentalcars-santorini.com\/de\/haeufig-gestellte-fragen\/#local-main-place-address","streetAddress":"Mesaria","addressLocality":"Santorini","postalCode":"847 00","addressCountry":"GR"},{"@type":"ImageObject","inLanguage":"de","@id":"https:\/\/rentalcars-santorini.com\/de\/haeufig-gestellte-fragen\/#local-main-organization-logo","url":"https:\/\/rentalcars-santorini.com\/wp-content\/uploads\/2019\/10\/pro.png","contentUrl":"https:\/\/rentalcars-santorini.com\/wp-content\/uploads\/2019\/10\/pro.png","width":172,"height":115,"caption":"Moto Panos Rent A Car ATV Quad Bike Santorini"}]},"geo.placename":"Santorini","geo.position":{"lat":"36.40498697149867","long":"25.471828487705796"},"geo.region":"Griechenland"},"_links":{"self":[{"href":"https:\/\/rentalcars-santorini.com\/de\/wp-json\/wp\/v2\/pages\/5021","targetHints":{"allow":["GET"]}}],"collection":[{"href":"https:\/\/rentalcars-santorini.com\/de\/wp-json\/wp\/v2\/pages"}],"about":[{"href":"https:\/\/rentalcars-santorini.com\/de\/wp-json\/wp\/v2\/types\/page"}],"author":[{"embeddable":true,"href":"https:\/\/rentalcars-santorini.com\/de\/wp-json\/wp\/v2\/users\/1"}],"replies":[{"embeddable":true,"href":"https:\/\/rentalcars-santorini.com\/de\/wp-json\/wp\/v2\/comments?post=5021"}],"version-history":[{"count":21,"href":"https:\/\/rentalcars-santorini.com\/de\/wp-json\/wp\/v2\/pages\/5021\/revisions"}],"predecessor-version":[{"id":6702,"href":"https:\/\/rentalcars-santorini.com\/de\/wp-json\/wp\/v2\/pages\/5021\/revisions\/6702"}],"wp:attachment":[{"href":"https:\/\/rentalcars-santorini.com\/de\/wp-json\/wp\/v2\/media?parent=5021"}],"curies":[{"name":"wp","href":"https:\/\/api.w.org\/{rel}","templated":true}]}}