{"id":5263,"date":"2020-08-02T14:57:32","date_gmt":"2020-08-02T11:57:32","guid":{"rendered":"https:\/\/rentalcars-santorini.com\/ueber-uns\/"},"modified":"2020-09-16T20:01:27","modified_gmt":"2020-09-16T17:01:27","slug":"ueber-uns","status":"publish","type":"page","link":"https:\/\/rentalcars-santorini.com\/de\/ueber-uns\/","title":{"rendered":"\u00dcber uns"},"content":{"rendered":"<div class=\"wpb-content-wrapper\"><p>[vc_row full_width=&#8220;stretch_row&#8220; gap=&#8220;35&#8243; full_height=&#8220;yes&#8220; equal_height=&#8220;yes&#8220; content_placement=&#8220;middle&#8220; awb_type=&#8220;color&#8220; awb_color=&#8220;#2591fc&#8220; el_class=&#8220;secondary_color_background box_shadow&#8220;][vc_column width=&#8220;2\/3&#8243; css=&#8220;.vc_custom_1549248549730{background-position: center !important;background-repeat: no-repeat !important;background-size: cover !important;}&#8220;]<div class=\"fancy-title align_left\"><h2 class=\"vc_underline_title vc_title white\">Wir sind Ihr bester Autovermietung in der Umgebung<\/h2><div class=\"vc_underline white\"><\/div><\/div>[vc_column_text el_class=&#8220;white&#8220;]<strong>Moto Panos ist eine Autovermietung mit Sitz in Santorin, Griechenland. 1988<\/strong><strong> es begann das Gesch\u00e4ft in Athen und ein paar Jahre sp\u00e4ter er\u00f6ffnete das B\u00fcro von Santorin, die die wichtigsten f\u00fcr das Unternehmen wurde. Seit 30 Jahren Erfahrung auf diesem Gebiet haben wir unsere grundlegenden Lektionen gelernt und wir wissen, was wir bieten k\u00f6nnen, um unsere Kunden zufrieden zu stellen. Wir stellen die Sicherheit unserer Kunden an erster Stelle. Wir bieten unseren Kunden eine F\u00fclle von verschiedenen Fahrzeugtypen. Um die magischste Aussicht in Thira zu sehen und die Sch\u00f6nheit von Imerovigli zu besuchen, die sauberen Str\u00e4nde von Kamari zu genie\u00dfen und den unvergesslichen Sonnenuntergang von Oia zu ber\u00fchren, m\u00fcssen Sie nur Moto Panos kontaktieren. Die am meisten bevorzugten auf dem H\u00f6hepunkt der Saison sind ATVs und Scooter, aufgrund der M\u00f6glichkeit der einfachen und schnellen Bewegung und die Bequemlichkeit, einen einfachen Parkplatz zu finden, ohne Zeit aus einem wohlverdienten Urlaub zu verschwenden. Wir haben auch eine L\u00f6sung f\u00fcr gro\u00dfe Gruppen und Familien mit Kindern als die bequemste Option f\u00fcr sie ist das Auto. Alle Informationen, die Sie ben\u00f6tigen, finden Sie auf unserer Website und wir bitten Sie, nicht zu z\u00f6gern und uns zu kontaktieren, wenn Sie Hilfe ben\u00f6tigen oder wenn Sie Fragen haben.<\/strong>[\/vc_column_text][vc_btn title=&#8220;Reservieren Sie jetzt&#8220; style=&#8220;flat&#8220; color=&#8220;black&#8220; align=&#8220;left&#8220; i_icon_fontawesome=&#8220;fa fa-calendar-plus-o&#8220; add_icon=&#8220;true&#8220; link=&#8220;url:%2F|title:Reservieren%20Sie%20jetzt|&#8220;][\/vc_column][vc_column width=&#8220;1\/3&#8243; css=&#8220;.vc_custom_1599845059786{padding-top: 100px !important;padding-bottom: 100px !important;background-image: url(https:\/\/rentalcars-santorini.com\/wp-content\/uploads\/2020\/08\/rent-scooter-santorini.jpg?id=4946) !important;background-position: center !important;background-repeat: no-repeat !important;background-size: cover !important;}&#8220;][\/vc_column][\/vc_row][vc_row full_width=&#8220;stretch_row&#8220; el_class=&#8220;primary_color_background box_shadow&#8220; css=&#8220;.vc_custom_1551678287611{padding-top: 64px !important;padding-right: 15px !important;padding-bottom: 64px !important;padding-left: 15px !important;}&#8220;][vc_column width=&#8220;1\/2&#8243; css=&#8220;.vc_custom_1551678127245{padding-top: 16px !important;padding-bottom: 16px !important;}&#8220; offset=&#8220;vc_col-lg-3 vc_col-md-3&#8243;][vc_row_inner][vc_column_inner width=&#8220;1\/4&#8243;][vc_icon icon_fontawesome=&#8220;fa fa-heart&#8220; color=&#8220;secondary_color&#8220; size=&#8220;lg&#8220; align=&#8220;center&#8220; css_animation=&#8220;flipInX&#8220; css=&#8220;.vc_custom_1551678384251{margin-bottom: 10px !important;}&#8220;][\/vc_column_inner][vc_column_inner width=&#8220;3\/4&#8243;]<div><div class=\"stat_counter_wrapper white\"><div id=\"wpcr-counter236715\" class=\"stat_counter default\" data-count_to=\"9657\">-<\/div><div class=\"stat_title\">Gl\u00fcckliche Kunden<\/div><\/div><\/div>[\/vc_column_inner][\/vc_row_inner][\/vc_column][vc_column width=&#8220;1\/2&#8243; css=&#8220;.vc_custom_1551678132917{padding-top: 16px !important;padding-bottom: 16px !important;}&#8220; offset=&#8220;vc_col-lg-3 vc_col-md-3&#8243;][vc_row_inner][vc_column_inner width=&#8220;1\/4&#8243;][vc_icon icon_fontawesome=&#8220;fa fa-car&#8220; color=&#8220;secondary_color&#8220; size=&#8220;lg&#8220; align=&#8220;center&#8220; css_animation=&#8220;flipInX&#8220; css=&#8220;.vc_custom_1551678389420{margin-bottom: 10px !important;}&#8220;][\/vc_column_inner][vc_column_inner width=&#8220;3\/4&#8243;]<div><div class=\"stat_counter_wrapper white\"><div id=\"wpcr-counter495126\" class=\"stat_counter default\" data-count_to=\"164\">-<\/div><div class=\"stat_title\">Gelistete Fahrzeuge<\/div><\/div><\/div>[\/vc_column_inner][\/vc_row_inner][\/vc_column][vc_column width=&#8220;1\/2&#8243; css=&#8220;.vc_custom_1551678141723{padding-top: 16px !important;padding-bottom: 16px !important;}&#8220; offset=&#8220;vc_col-lg-3 vc_col-md-3&#8243;][vc_row_inner][vc_column_inner width=&#8220;1\/4&#8243;][vc_icon icon_fontawesome=&#8220;fa fa-map-marker&#8220; color=&#8220;secondary_color&#8220; size=&#8220;lg&#8220; align=&#8220;center&#8220; css_animation=&#8220;flipInX&#8220; css=&#8220;.vc_custom_1551678393392{margin-bottom: 10px !important;}&#8220;][\/vc_column_inner][vc_column_inner width=&#8220;3\/4&#8243;]<div><div class=\"stat_counter_wrapper white\"><div id=\"wpcr-counter80206\" class=\"stat_counter default\" data-count_to=\"6\">-<\/div><div class=\"stat_title\">Verf\u00fcgbare Standorte<\/div><\/div><\/div>[\/vc_column_inner][\/vc_row_inner][\/vc_column][vc_column width=&#8220;1\/2&#8243; css=&#8220;.vc_custom_1551678146263{padding-top: 16px !important;padding-bottom: 16px !important;}&#8220; offset=&#8220;vc_col-lg-3 vc_col-md-3&#8243;][vc_row_inner][vc_column_inner width=&#8220;1\/4&#8243;][vc_icon icon_fontawesome=&#8220;fa fa-calendar-check-o&#8220; color=&#8220;secondary_color&#8220; size=&#8220;lg&#8220; align=&#8220;center&#8220; css_animation=&#8220;flipInX&#8220; css=&#8220;.vc_custom_1551678398341{margin-bottom: 10px !important;}&#8220;][\/vc_column_inner][vc_column_inner width=&#8220;3\/4&#8243;]<div><div class=\"stat_counter_wrapper white\"><div id=\"wpcr-counter385279\" class=\"stat_counter default\" data-count_to=\"9576\">-<\/div><div class=\"stat_title\">Reservierungen vorgenommen<\/div><\/div><\/div>[\/vc_column_inner][\/vc_row_inner][\/vc_column][\/vc_row][vc_row css=&#8220;.vc_custom_1549260584699{padding-top: 64px !important;padding-bottom: 64px !important;}&#8220;][vc_column]<div class=\"fancy-title align_center\"><h2 class=\"vc_underline_title vc_title black\">Unternehmensmerkmale<\/h2><div class=\"vc_underline secondary_color_background\"><\/div><\/div>[vc_column_text el_class=&#8220;align_center&#8220;]Die kleinen Details machen den Unterschied[\/vc_column_text][vc_row_inner css=&#8220;.vc_custom_1549250696928{margin-top: 64px !important;}&#8220;][vc_column_inner width=&#8220;1\/3&#8243;][vc_icon icon_fontawesome=&#8220;fa fa-star&#8220; color=&#8220;primary_color&#8220; size=&#8220;xl&#8220; align=&#8220;center&#8220;][vc_column_text el_class=&#8220;align_center&#8220;]<\/p>\n<h4 class=\"secondary_color\">\u00dcber 30 Jahre im Gesch\u00e4ft<\/h4>\n<p>Mit \u00fcber drei\u00dfig Jahren Erfahrung in der Autovermietung wissen wir, was Sie in einer Fahrzeugmodellvermietung suchen. Wir wissen, dass Sie ein ausgezeichnetes Auto, Scooter, ATV f\u00fcr ideales Fahrerlebnis wollen. Wir sind bestrebt, all diese Erwartungen zu erf\u00fcllen und sicherzustellen, dass Sie jedes Mal eine nachsichtige und ausgezeichnete Erfahrung haben. Wir versprechen h\u00f6chste Zufriedenheit mit jedem Fahrzeugmodell, das Sie mieten[\/vc_column_text][\/vc_column_inner][vc_column_inner width=&#8220;1\/3&#8243;][vc_icon icon_fontawesome=&#8220;fa fa-wrench&#8220; color=&#8220;primary_color&#8220; size=&#8220;xl&#8220; align=&#8220;center&#8220;][vc_column_text el_class=&#8220;align_center&#8220;]<\/p>\n<h4 class=\"secondary_color\">Gut gewartete Fahrzeuge<\/h4>\n<p>Wir haben die neuesten Modelle der begehrtesten Fahrzeugmarken. Wir garantieren f\u00fcr alle ATVs, Scooter und Autos, dass sie neu sind und t\u00e4glich von unseren Mechanikern inspiziert werden, die Ihre Ruhe auf der Stra\u00dfe garantiert, sagen Sie uns einfach, was Sie vom Fahren tr\u00e4umen, oder besuchen Sie unser Flot, um die Autos pers\u00f6nlich zu \u00fcberpr\u00fcfen. Sie fahren stilvoll weg und lassen Ihre Fahrfantasie wahr werden![\/vc_column_text][\/vc_column_inner][vc_column_inner width=&#8220;1\/3&#8243;][vc_icon icon_fontawesome=&#8220;fa fa-ticket&#8220; color=&#8220;primary_color&#8220; size=&#8220;xl&#8220; align=&#8220;center&#8220;][vc_column_text el_class=&#8220;align_center&#8220;]<\/p>\n<h4 class=\"secondary_color\">Erschwingliche Preise<\/h4>\n<p>Bezahlen Sie viel weniger f\u00fcr Ihre Autovermietung in The Santorini mit Top Brands.<\/p>\n<p>Beste Preise f\u00fcr alle.[\/vc_column_text][\/vc_column_inner][\/vc_row_inner][\/vc_column][\/vc_row]<\/p>\n<\/div>","protected":false},"excerpt":{"rendered":"<p>[vc_row full_width=&#8220;stretch_row&#8220; gap=&#8220;35&#8243; full_height=&#8220;yes&#8220; equal_height=&#8220;yes&#8220; content_placement=&#8220;middle&#8220; awb_type=&#8220;color&#8220; awb_color=&#8220;#2591fc&#8220; el_class=&#8220;secondary_color_background box_shadow&#8220;][vc_column width=&#8220;2\/3&#8243; css=&#8220;.vc_custom_1549248549730{background-position: center !important;background-repeat: no-repeat !important;background-size: cover !important;}&#8220;][vc_column_text el_class=&#8220;white&#8220;]Moto Panos ist eine Autovermietung mit Sitz in Santorin, Griechenland. 1988 es begann das Gesch\u00e4ft in Athen und ein paar Jahre sp\u00e4ter er\u00f6ffnete das B\u00fcro von Santorin, die die wichtigsten f\u00fcr das Unternehmen wurde. Seit 30 Jahren [&hellip;]<\/p>\n","protected":false},"author":1,"featured_media":0,"parent":0,"menu_order":0,"comment_status":"closed","ping_status":"closed","template":"homepage.php","meta":{"footnotes":""},"class_list":["post-5263","page","type-page","status-publish","hentry"],"yoast_head":"<!-- This site is optimized with the Yoast SEO Premium plugin v27.3 (Yoast SEO v27.4) - https:\/\/yoast.com\/product\/yoast-seo-premium-wordpress\/ -->\n<title>\u00dcber uns - Rent a Car,Quad,Scooter,from Moto Panos<\/title>\n<meta name=\"description\" content=\"Wir sind Ihr bester ATV Cars Scooter Vermieter in Santorin. Ihr Fantasiefahrzeug ist n\u00e4her, als Sie denken. Mieten Sie jetzt f\u00fcr Ihren Urlaub.\" \/>\n<meta name=\"robots\" content=\"index, follow, max-snippet:-1, max-image-preview:large, max-video-preview:-1\" \/>\n<link rel=\"canonical\" href=\"https:\/\/rentalcars-santorini.com\/de\/ueber-uns\/\" \/>\n<meta property=\"og:locale\" content=\"de_DE\" \/>\n<meta property=\"og:type\" content=\"article\" \/>\n<meta property=\"og:title\" content=\"\u00dcber uns\" \/>\n<meta property=\"og:description\" content=\"Wir sind Ihr bester ATV Cars Scooter Vermieter in Santorin. Ihr Fantasiefahrzeug ist n\u00e4her, als Sie denken. Mieten Sie jetzt f\u00fcr Ihren Urlaub.\" \/>\n<meta property=\"og:url\" content=\"https:\/\/rentalcars-santorini.com\/de\/ueber-uns\/\" \/>\n<meta property=\"og:site_name\" content=\"Rent a Car,Quad,Scooter,from Moto Panos\" \/>\n<meta property=\"article:publisher\" content=\"https:\/\/www.facebook.com\/santorini.rental.agency\/\" \/>\n<meta property=\"article:modified_time\" content=\"2020-09-16T17:01:27+00:00\" \/>\n<meta property=\"og:image\" content=\"https:\/\/rentalcars-santorini.com\/wp-content\/uploads\/2020\/09\/rent-a-scooter-santorini.jpg\" \/>\n\t<meta property=\"og:image:width\" content=\"1536\" \/>\n\t<meta property=\"og:image:height\" content=\"2048\" \/>\n\t<meta property=\"og:image:type\" content=\"image\/jpeg\" \/>\n<meta name=\"twitter:card\" content=\"summary_large_image\" \/>\n<meta name=\"twitter:label1\" content=\"Gesch\u00e4tzte Lesezeit\" \/>\n\t<meta name=\"twitter:data1\" content=\"5\u00a0Minuten\" \/>\n<script type=\"application\/ld+json\" class=\"yoast-schema-graph\">{\"@context\":\"https:\\\/\\\/schema.org\",\"@graph\":[{\"@type\":\"WebPage\",\"@id\":\"https:\\\/\\\/rentalcars-santorini.com\\\/de\\\/ueber-uns\\\/\",\"url\":\"https:\\\/\\\/rentalcars-santorini.com\\\/de\\\/ueber-uns\\\/\",\"name\":\"\u00dcber uns - Rent a Car,Quad,Scooter,from Moto Panos\",\"isPartOf\":{\"@id\":\"https:\\\/\\\/rentalcars-santorini.com\\\/de\\\/#website\"},\"datePublished\":\"2020-08-02T11:57:32+00:00\",\"dateModified\":\"2020-09-16T17:01:27+00:00\",\"description\":\"Wir sind Ihr bester ATV Cars Scooter Vermieter in Santorin. Ihr Fantasiefahrzeug ist n\u00e4her, als Sie denken. Mieten Sie jetzt f\u00fcr Ihren Urlaub.\",\"breadcrumb\":{\"@id\":\"https:\\\/\\\/rentalcars-santorini.com\\\/de\\\/ueber-uns\\\/#breadcrumb\"},\"inLanguage\":\"de\",\"potentialAction\":[{\"@type\":\"ReadAction\",\"target\":[\"https:\\\/\\\/rentalcars-santorini.com\\\/de\\\/ueber-uns\\\/\"]}]},{\"@type\":\"BreadcrumbList\",\"@id\":\"https:\\\/\\\/rentalcars-santorini.com\\\/de\\\/ueber-uns\\\/#breadcrumb\",\"itemListElement\":[{\"@type\":\"ListItem\",\"position\":1,\"name\":\"Home\",\"item\":\"https:\\\/\\\/rentalcars-santorini.com\\\/de\\\/\"},{\"@type\":\"ListItem\",\"position\":2,\"name\":\"\u00dcber uns\"}]},{\"@type\":\"WebSite\",\"@id\":\"https:\\\/\\\/rentalcars-santorini.com\\\/de\\\/#website\",\"url\":\"https:\\\/\\\/rentalcars-santorini.com\\\/de\\\/\",\"name\":\"Rent a Car,Quad,Scooter,from Moto Panos\",\"description\":\"Rental  ATV Quad Car Scooter in Santorini Greece\",\"publisher\":{\"@id\":\"https:\\\/\\\/rentalcars-santorini.com\\\/de\\\/#organization\"},\"potentialAction\":[{\"@type\":\"SearchAction\",\"target\":{\"@type\":\"EntryPoint\",\"urlTemplate\":\"https:\\\/\\\/rentalcars-santorini.com\\\/de\\\/?s={search_term_string}\"},\"query-input\":{\"@type\":\"PropertyValueSpecification\",\"valueRequired\":true,\"valueName\":\"search_term_string\"}}],\"inLanguage\":\"de\"},{\"@type\":[\"Organization\",\"Place\"],\"@id\":\"https:\\\/\\\/rentalcars-santorini.com\\\/de\\\/#organization\",\"name\":\"Moto Panos Rent A Car ATV Quad Bike Santorini\",\"url\":\"https:\\\/\\\/rentalcars-santorini.com\\\/de\\\/\",\"logo\":{\"@id\":\"https:\\\/\\\/rentalcars-santorini.com\\\/de\\\/ueber-uns\\\/#local-main-organization-logo\"},\"image\":{\"@id\":\"https:\\\/\\\/rentalcars-santorini.com\\\/de\\\/ueber-uns\\\/#local-main-organization-logo\"},\"sameAs\":[\"https:\\\/\\\/www.facebook.com\\\/santorini.rental.agency\\\/\",\"https:\\\/\\\/www.instagram.com\\\/motopanos_santorini\\\/\",\"https:\\\/\\\/gr.pinterest.com\\\/motopanosrentalcaratv\\\/_created\\\/\"],\"address\":{\"@id\":\"https:\\\/\\\/rentalcars-santorini.com\\\/de\\\/ueber-uns\\\/#local-main-place-address\"},\"geo\":{\"@type\":\"GeoCoordinates\",\"latitude\":\"36.40498697149867\",\"longitude\":\"25.471828487705796\"},\"telephone\":[\"+30 697 352 7277\",\"+30 2286 030381\"],\"openingHoursSpecification\":[{\"@type\":\"OpeningHoursSpecification\",\"dayOfWeek\":[\"Monday\",\"Tuesday\",\"Wednesday\",\"Thursday\",\"Friday\",\"Saturday\",\"Sunday\"],\"opens\":\"08:30\",\"closes\":\"22:00\"}],\"email\":\"motopanos@rentalcars-santorini.com\"},{\"@type\":\"PostalAddress\",\"@id\":\"https:\\\/\\\/rentalcars-santorini.com\\\/de\\\/ueber-uns\\\/#local-main-place-address\",\"streetAddress\":\"Mesaria\",\"addressLocality\":\"Santorini\",\"postalCode\":\"847 00\",\"addressCountry\":\"GR\"},{\"@type\":\"ImageObject\",\"inLanguage\":\"de\",\"@id\":\"https:\\\/\\\/rentalcars-santorini.com\\\/de\\\/ueber-uns\\\/#local-main-organization-logo\",\"url\":\"https:\\\/\\\/rentalcars-santorini.com\\\/wp-content\\\/uploads\\\/2019\\\/10\\\/pro.png\",\"contentUrl\":\"https:\\\/\\\/rentalcars-santorini.com\\\/wp-content\\\/uploads\\\/2019\\\/10\\\/pro.png\",\"width\":172,\"height\":115,\"caption\":\"Moto Panos Rent A Car ATV Quad Bike Santorini\"}]}<\/script>\n<meta name=\"geo.placename\" content=\"Santorini\" \/>\n<meta name=\"geo.position\" content=\"36.40498697149867;25.471828487705796\" \/>\n<meta name=\"geo.region\" content=\"Griechenland\" \/>\n<!-- \/ Yoast SEO Premium plugin. -->","yoast_head_json":{"title":"\u00dcber uns - Rent a Car,Quad,Scooter,from Moto Panos","description":"Wir sind Ihr bester ATV Cars Scooter Vermieter in Santorin. Ihr Fantasiefahrzeug ist n\u00e4her, als Sie denken. Mieten Sie jetzt f\u00fcr Ihren Urlaub.","robots":{"index":"index","follow":"follow","max-snippet":"max-snippet:-1","max-image-preview":"max-image-preview:large","max-video-preview":"max-video-preview:-1"},"canonical":"https:\/\/rentalcars-santorini.com\/de\/ueber-uns\/","og_locale":"de_DE","og_type":"article","og_title":"\u00dcber uns","og_description":"Wir sind Ihr bester ATV Cars Scooter Vermieter in Santorin. Ihr Fantasiefahrzeug ist n\u00e4her, als Sie denken. Mieten Sie jetzt f\u00fcr Ihren Urlaub.","og_url":"https:\/\/rentalcars-santorini.com\/de\/ueber-uns\/","og_site_name":"Rent a Car,Quad,Scooter,from Moto Panos","article_publisher":"https:\/\/www.facebook.com\/santorini.rental.agency\/","article_modified_time":"2020-09-16T17:01:27+00:00","og_image":[{"width":1536,"height":2048,"url":"https:\/\/rentalcars-santorini.com\/wp-content\/uploads\/2020\/09\/rent-a-scooter-santorini.jpg","type":"image\/jpeg"}],"twitter_card":"summary_large_image","twitter_misc":{"Gesch\u00e4tzte Lesezeit":"5\u00a0Minuten"},"schema":{"@context":"https:\/\/schema.org","@graph":[{"@type":"WebPage","@id":"https:\/\/rentalcars-santorini.com\/de\/ueber-uns\/","url":"https:\/\/rentalcars-santorini.com\/de\/ueber-uns\/","name":"\u00dcber uns - Rent a Car,Quad,Scooter,from Moto Panos","isPartOf":{"@id":"https:\/\/rentalcars-santorini.com\/de\/#website"},"datePublished":"2020-08-02T11:57:32+00:00","dateModified":"2020-09-16T17:01:27+00:00","description":"Wir sind Ihr bester ATV Cars Scooter Vermieter in Santorin. Ihr Fantasiefahrzeug ist n\u00e4her, als Sie denken. Mieten Sie jetzt f\u00fcr Ihren Urlaub.","breadcrumb":{"@id":"https:\/\/rentalcars-santorini.com\/de\/ueber-uns\/#breadcrumb"},"inLanguage":"de","potentialAction":[{"@type":"ReadAction","target":["https:\/\/rentalcars-santorini.com\/de\/ueber-uns\/"]}]},{"@type":"BreadcrumbList","@id":"https:\/\/rentalcars-santorini.com\/de\/ueber-uns\/#breadcrumb","itemListElement":[{"@type":"ListItem","position":1,"name":"Home","item":"https:\/\/rentalcars-santorini.com\/de\/"},{"@type":"ListItem","position":2,"name":"\u00dcber uns"}]},{"@type":"WebSite","@id":"https:\/\/rentalcars-santorini.com\/de\/#website","url":"https:\/\/rentalcars-santorini.com\/de\/","name":"Rent a Car,Quad,Scooter,from Moto Panos","description":"Rental  ATV Quad Car Scooter in Santorini Greece","publisher":{"@id":"https:\/\/rentalcars-santorini.com\/de\/#organization"},"potentialAction":[{"@type":"SearchAction","target":{"@type":"EntryPoint","urlTemplate":"https:\/\/rentalcars-santorini.com\/de\/?s={search_term_string}"},"query-input":{"@type":"PropertyValueSpecification","valueRequired":true,"valueName":"search_term_string"}}],"inLanguage":"de"},{"@type":["Organization","Place"],"@id":"https:\/\/rentalcars-santorini.com\/de\/#organization","name":"Moto Panos Rent A Car ATV Quad Bike Santorini","url":"https:\/\/rentalcars-santorini.com\/de\/","logo":{"@id":"https:\/\/rentalcars-santorini.com\/de\/ueber-uns\/#local-main-organization-logo"},"image":{"@id":"https:\/\/rentalcars-santorini.com\/de\/ueber-uns\/#local-main-organization-logo"},"sameAs":["https:\/\/www.facebook.com\/santorini.rental.agency\/","https:\/\/www.instagram.com\/motopanos_santorini\/","https:\/\/gr.pinterest.com\/motopanosrentalcaratv\/_created\/"],"address":{"@id":"https:\/\/rentalcars-santorini.com\/de\/ueber-uns\/#local-main-place-address"},"geo":{"@type":"GeoCoordinates","latitude":"36.40498697149867","longitude":"25.471828487705796"},"telephone":["+30 697 352 7277","+30 2286 030381"],"openingHoursSpecification":[{"@type":"OpeningHoursSpecification","dayOfWeek":["Monday","Tuesday","Wednesday","Thursday","Friday","Saturday","Sunday"],"opens":"08:30","closes":"22:00"}],"email":"motopanos@rentalcars-santorini.com"},{"@type":"PostalAddress","@id":"https:\/\/rentalcars-santorini.com\/de\/ueber-uns\/#local-main-place-address","streetAddress":"Mesaria","addressLocality":"Santorini","postalCode":"847 00","addressCountry":"GR"},{"@type":"ImageObject","inLanguage":"de","@id":"https:\/\/rentalcars-santorini.com\/de\/ueber-uns\/#local-main-organization-logo","url":"https:\/\/rentalcars-santorini.com\/wp-content\/uploads\/2019\/10\/pro.png","contentUrl":"https:\/\/rentalcars-santorini.com\/wp-content\/uploads\/2019\/10\/pro.png","width":172,"height":115,"caption":"Moto Panos Rent A Car ATV Quad Bike Santorini"}]},"geo.placename":"Santorini","geo.position":{"lat":"36.40498697149867","long":"25.471828487705796"},"geo.region":"Griechenland"},"_links":{"self":[{"href":"https:\/\/rentalcars-santorini.com\/de\/wp-json\/wp\/v2\/pages\/5263","targetHints":{"allow":["GET"]}}],"collection":[{"href":"https:\/\/rentalcars-santorini.com\/de\/wp-json\/wp\/v2\/pages"}],"about":[{"href":"https:\/\/rentalcars-santorini.com\/de\/wp-json\/wp\/v2\/types\/page"}],"author":[{"embeddable":true,"href":"https:\/\/rentalcars-santorini.com\/de\/wp-json\/wp\/v2\/users\/1"}],"replies":[{"embeddable":true,"href":"https:\/\/rentalcars-santorini.com\/de\/wp-json\/wp\/v2\/comments?post=5263"}],"version-history":[{"count":15,"href":"https:\/\/rentalcars-santorini.com\/de\/wp-json\/wp\/v2\/pages\/5263\/revisions"}],"predecessor-version":[{"id":6111,"href":"https:\/\/rentalcars-santorini.com\/de\/wp-json\/wp\/v2\/pages\/5263\/revisions\/6111"}],"wp:attachment":[{"href":"https:\/\/rentalcars-santorini.com\/de\/wp-json\/wp\/v2\/media?parent=5263"}],"curies":[{"name":"wp","href":"https:\/\/api.w.org\/{rel}","templated":true}]}}