{"id":5511,"date":"2020-08-02T23:23:21","date_gmt":"2020-08-02T20:23:21","guid":{"rendered":"https:\/\/rentalcars-santorini.com\/faq\/"},"modified":"2021-08-05T13:35:34","modified_gmt":"2021-08-05T10:35:34","slug":"faq","status":"publish","type":"page","link":"https:\/\/rentalcars-santorini.com\/fr\/faq\/","title":{"rendered":"FAQ"},"content":{"rendered":"<div class=\"wpb-content-wrapper\"><p>[vc_row][vc_column width=\u00a0\u00bb1\/6&Prime;][\/vc_column][vc_column width=\u00a0\u00bb2\/3&Prime;]<div class=\"fancy-title align_center\"><h2 class=\"vc_underline_title vc_title\">Questions g\u00e9n\u00e9rales<\/h2><div class=\"vc_underline secondary_color_background\"><\/div><\/div>[vc_column_text]<\/p>\n<h3 style=\"text-align: center;\">Vous trouverez dans cette section toutes les questions fr\u00e9quemment pos\u00e9es.<br \/>\nSi vous avez besoin d\u2019informations futher, n\u2019h\u00e9sitez pas \u00e0 <a href=\"http:\/\/www.wpcarrental.com\/modern\/contact\/\">nous contacter<\/a>.<\/h3>\n<p>[\/vc_column_text][vc_toggle title=\u00a0\u00bbLes v\u00e9hicules sont-ils assur\u00e9s?\u00a0\u00bb style=\u00a0\u00bbarrow\u00a0\u00bb size=\u00a0\u00bblg\u00a0\u00bb el_id=\u00a0\u00bb1503108365184-6651c676-ed6b\u00a0\u00bb]Oui, tous nos v\u00e9hicules ont des assurances civiles obligatoires, y compris toutes les taxes (TVA, taxes locales)[\/vc_toggle][vc_toggle title=\u00a0\u00bbQuel \u00e2ge dois-je avoir pour louer une voiture ?\u00a0\u00bb style=\u00a0\u00bbarrow\u00a0\u00bb el_id=\u00a0\u00bb1503108588928-b0e0c6e4-4e6a\u00a0\u00bb]Pour louer un scooter ou une moto, l\u2019\u00e2ge minimum est de 21 ans.<br \/>\nPour louer un quad, l\u2019\u00e2ge minimum est de 21 ans.<\/p>\n<p>Pour louer une voiture, l\u2019\u00e2ge minimum est de 23 ans[\/vc_toggle][vc_toggle title=\u00a0\u00bbCombien de temps dois-je avoir le permis de conduire?\u00a0\u00bb style=\u00a0\u00bbarrow\u00a0\u00bb]Pour louer n\u2019importe quelle V\u00e9hicules, vous devez avoir un permis de conduire valide pour au moins un an.[\/vc_toggle][vc_toggle title=\u00a0\u00bbAi-je besoin d\u2019un permis de conduire international?\u00a0\u00bb style=\u00a0\u00bbarrow\u00a0\u00bb]Le permis de conduire international n\u2019est exig\u00e9 que des pays \u00e9metteurs qui ne sont pas inscrits comme parties contractantes \u00e0 la Convention sur la circulation routi\u00e8re de Vienne, 1968.<br \/>\nSi vous n\u2019\u00eates pas s\u00fbr si votre pays est inclus, s\u2019il vous pla\u00eet contactez-nous avant de faire votre r\u00e9servation.<br \/>\nUn permis de conduire international est requis pour tous les conducteurs non europ\u00e9ens![\/vc_toggle][vc_toggle title=\u00a0\u00bbQuelles sont les exigences du conducteur pour louer une voiture, un scooter, un v\u00e9lo \u00e0 moteur ou un ATV?\u00a0\u00bb style=\u00a0\u00bbarrow\u00a0\u00bb el_id=\u00a0\u00bb1503108436210-880cdb63-6785&Prime;]Un permis de conduire valide de type A1 ou sup\u00e9rieur est requis pour les scooters 125cc.<br \/>\nLicence type B pour l\u2019ATV.<br \/>\nPour les voitures n\u00e9cessitent un permis de conduire de type B.[\/vc_toggle][vc_toggle title=\u00a0\u00bbPuis-je changer la voiture apr\u00e8s la r\u00e9servation?\u00a0\u00bb style=\u00a0\u00bbarrow\u00a0\u00bb el_id=\u00a0\u00bb1503108650445-c76d15ae-321e\u00a0\u00bb]Oui. Si vous souhaitez modifier ou annuler votre r\u00e9servation d\u2019une voiture apr\u00e8s l\u2019avoir approuv\u00e9e, veuillez appeler le 30 2286 031668 ou nous contacter par contact fourni dans la page Contacts.[\/vc_toggle][vc_toggle title=\u00a0\u00bbO\u00f9 puis-je prendre la voiture et o\u00f9 dois-je la retourner?\u00a0\u00bb style=\u00a0\u00bbarrow\u00a0\u00bb]Vous pouvez prendre le v\u00e9hicule au bureau Moto Panos Mesaria, Santorin. Si vous avez r\u00e9serv\u00e9 une voiture pendant plus de trois jours, nous pouvons livrer la voiture \u00e0 l\u2019emplacement de votre choix. La voiture doit \u00eatre retourn\u00e9e \u00e0 un endroit convenu \u00e0 Santorin. D\u00e9p\u00f4t\/Retour \u00e0 l\u2019a\u00e9roport gratuitement.[\/vc_toggle][vc_toggle title=\u00a0\u00bbO\u00f9 est le point de rencontre de ramassage \u00e0 l\u2019a\u00e9roport?\u00a0\u00bb style=\u00a0\u00bbarrow\u00a0\u00bb size=\u00a0\u00bblg\u00a0\u00bb]Quand vous arrivez, nous vous attendrons \u00e0 la sortie de l\u2019a\u00e9roport avec un panneau avec votre nom.[\/vc_toggle][vc_toggle title=\u00a0\u00bbQue dois-je faire si la voiture tombe en panne?\u00a0\u00bb style=\u00a0\u00bbarrow\u00a0\u00bb]<\/p>\n<h5>Si votre voiture tombe en panne, veuillez nous appeler imm\u00e9diatement au +30 2286 031668<\/h5>\n<h5 id=\"1330094406\" class=\"u_1330094406 dmNewParagraph\" data-uialign=\"center\" data-element-type=\"paragraph\"><\/h5>\n<p>[\/vc_toggle][vc_toggle title=\u00a0\u00bbLivrez-vous des voitures en dehors de Sanntorini Mesaria ?\u00a0\u00bb style=\u00a0\u00bbarrow\u00a0\u00bb]Oui, nous vous livrerons la voiture \u00e0 l\u2019emplacement de votre choix pour un prix suppl\u00e9mentaire.[\/vc_toggle][vc_toggle title=\u00a0\u00bbQuand puis-je vous contacter?\u00a0\u00bb style=\u00a0\u00bbarrow\u00a0\u00bb]<\/p>\n<h5>Vous pouvez nous appeler 24\/7 par t\u00e9l\u00e9phone no.+30 2286 031668<\/h5>\n<h5 id=\"1330094406\" class=\"u_1330094406 dmNewParagraph\" data-uialign=\"center\" data-element-type=\"paragraph\"><\/h5>\n<p>[\/vc_toggle][vc_toggle title=\u00a0\u00bbComment puis-je payer ?\u00a0\u00bb style=\u00a0\u00bbarrow\u00a0\u00bb]Nous fournissons \u00e0 nos clients les options de paiement suivantes :<\/p>\n<p>Payez \u00e0 la livraison avec l\u2019argent comptant et la carte de cr\u00e9dit\/d\u00e9bit.[\/vc_toggle][vc_toggle title=\u00a0\u00bbY a-t-il des cartes dans la voiture ?\u00a0\u00bb style=\u00a0\u00bbarrow\u00a0\u00bb]Oui, si vous le souhaitez, nous fournirons des cartes de Santorin et de la Gr\u00e8ce gratuitement.[\/vc_toggle][vc_empty_space][\/vc_column][vc_column width=\u00a0\u00bb1\/6&Prime;][\/vc_column][\/vc_row]<\/p>\n<\/div>","protected":false},"excerpt":{"rendered":"<p>[vc_row][vc_column width=\u00a0\u00bb1\/6&Prime;][\/vc_column][vc_column width=\u00a0\u00bb2\/3&Prime;][vc_column_text] Vous trouverez dans cette section toutes les questions fr\u00e9quemment pos\u00e9es. Si vous avez besoin d\u2019informations futher, n\u2019h\u00e9sitez pas \u00e0 nous contacter. [\/vc_column_text][vc_toggle title=\u00a0\u00bbLes v\u00e9hicules sont-ils assur\u00e9s?\u00a0\u00bb style=\u00a0\u00bbarrow\u00a0\u00bb size=\u00a0\u00bblg\u00a0\u00bb el_id=\u00a0\u00bb1503108365184-6651c676-ed6b\u00a0\u00bb]Oui, tous nos v\u00e9hicules ont des assurances civiles obligatoires, y compris toutes les taxes (TVA, taxes locales)[\/vc_toggle][vc_toggle title=\u00a0\u00bbQuel \u00e2ge dois-je avoir pour louer une [&hellip;]<\/p>\n","protected":false},"author":1,"featured_media":0,"parent":0,"menu_order":0,"comment_status":"closed","ping_status":"closed","template":"","meta":{"footnotes":""},"class_list":["post-5511","page","type-page","status-publish","hentry"],"yoast_head":"<!-- This site is optimized with the Yoast SEO Premium plugin v27.5 (Yoast SEO v27.6) - https:\/\/yoast.com\/product\/yoast-seo-premium-wordpress\/ -->\n<title>FAQ - Rent a Car,Quad,Scooter,from Moto Panos<\/title>\n<meta name=\"description\" content=\"Quel \u00e2ge devez-vous avoir pour louer un ATV \u00e0 Santorin Gr\u00e8ce?. Avez-vous besoin d\u2019un permis de conduire international pour louer un ATV \u00e0 Santorin en Gr\u00e8ce?\" \/>\n<meta name=\"robots\" content=\"index, follow, max-snippet:-1, max-image-preview:large, max-video-preview:-1\" \/>\n<link rel=\"canonical\" href=\"https:\/\/rentalcars-santorini.com\/fr\/faq\/\" \/>\n<meta property=\"og:locale\" content=\"fr_FR\" \/>\n<meta property=\"og:type\" content=\"article\" \/>\n<meta property=\"og:title\" content=\"FAQ\" \/>\n<meta property=\"og:description\" content=\"Quel \u00e2ge devez-vous avoir pour louer un ATV \u00e0 Santorin Gr\u00e8ce?. Avez-vous besoin d\u2019un permis de conduire international pour louer un ATV \u00e0 Santorin en Gr\u00e8ce?\" \/>\n<meta property=\"og:url\" content=\"https:\/\/rentalcars-santorini.com\/fr\/faq\/\" \/>\n<meta property=\"og:site_name\" content=\"Rent a Car,Quad,Scooter,from Moto Panos\" \/>\n<meta property=\"article:publisher\" content=\"https:\/\/www.facebook.com\/santorini.rental.agency\/\" \/>\n<meta property=\"article:modified_time\" content=\"2021-08-05T10:35:34+00:00\" \/>\n<meta property=\"og:image\" content=\"https:\/\/rentalcars-santorini.com\/wp-content\/uploads\/2020\/09\/rent-a-scooter-santorini.jpg\" \/>\n\t<meta property=\"og:image:width\" content=\"1536\" \/>\n\t<meta property=\"og:image:height\" content=\"2048\" \/>\n\t<meta property=\"og:image:type\" content=\"image\/jpeg\" \/>\n<meta name=\"twitter:card\" content=\"summary_large_image\" \/>\n<meta name=\"twitter:label1\" content=\"Dur\u00e9e de lecture estim\u00e9e\" \/>\n\t<meta name=\"twitter:data1\" content=\"3 minutes\" \/>\n<script type=\"application\/ld+json\" class=\"yoast-schema-graph\">{\"@context\":\"https:\\\/\\\/schema.org\",\"@graph\":[{\"@type\":\"WebPage\",\"@id\":\"https:\\\/\\\/rentalcars-santorini.com\\\/fr\\\/faq\\\/\",\"url\":\"https:\\\/\\\/rentalcars-santorini.com\\\/fr\\\/faq\\\/\",\"name\":\"FAQ - Rent a Car,Quad,Scooter,from Moto Panos\",\"isPartOf\":{\"@id\":\"https:\\\/\\\/rentalcars-santorini.com\\\/fr\\\/#website\"},\"datePublished\":\"2020-08-02T20:23:21+00:00\",\"dateModified\":\"2021-08-05T10:35:34+00:00\",\"description\":\"Quel \u00e2ge devez-vous avoir pour louer un ATV \u00e0 Santorin Gr\u00e8ce?. Avez-vous besoin d\u2019un permis de conduire international pour louer un ATV \u00e0 Santorin en Gr\u00e8ce?\",\"breadcrumb\":{\"@id\":\"https:\\\/\\\/rentalcars-santorini.com\\\/fr\\\/faq\\\/#breadcrumb\"},\"inLanguage\":\"fr-FR\",\"potentialAction\":[{\"@type\":\"ReadAction\",\"target\":[\"https:\\\/\\\/rentalcars-santorini.com\\\/fr\\\/faq\\\/\"]}]},{\"@type\":\"BreadcrumbList\",\"@id\":\"https:\\\/\\\/rentalcars-santorini.com\\\/fr\\\/faq\\\/#breadcrumb\",\"itemListElement\":[{\"@type\":\"ListItem\",\"position\":1,\"name\":\"Home\",\"item\":\"https:\\\/\\\/rentalcars-santorini.com\\\/fr\\\/\"},{\"@type\":\"ListItem\",\"position\":2,\"name\":\"FAQ\"}]},{\"@type\":\"WebSite\",\"@id\":\"https:\\\/\\\/rentalcars-santorini.com\\\/fr\\\/#website\",\"url\":\"https:\\\/\\\/rentalcars-santorini.com\\\/fr\\\/\",\"name\":\"Rent a Car,Quad,Scooter,from Moto Panos\",\"description\":\"Rental  ATV Quad Car Scooter in Santorini Greece\",\"publisher\":{\"@id\":\"https:\\\/\\\/rentalcars-santorini.com\\\/fr\\\/#organization\"},\"potentialAction\":[{\"@type\":\"SearchAction\",\"target\":{\"@type\":\"EntryPoint\",\"urlTemplate\":\"https:\\\/\\\/rentalcars-santorini.com\\\/fr\\\/?s={search_term_string}\"},\"query-input\":{\"@type\":\"PropertyValueSpecification\",\"valueRequired\":true,\"valueName\":\"search_term_string\"}}],\"inLanguage\":\"fr-FR\"},{\"@type\":[\"Organization\",\"Place\"],\"@id\":\"https:\\\/\\\/rentalcars-santorini.com\\\/fr\\\/#organization\",\"name\":\"Moto Panos Rent A Car ATV Quad Bike Santorini\",\"url\":\"https:\\\/\\\/rentalcars-santorini.com\\\/fr\\\/\",\"logo\":{\"@id\":\"https:\\\/\\\/rentalcars-santorini.com\\\/fr\\\/faq\\\/#local-main-organization-logo\"},\"image\":{\"@id\":\"https:\\\/\\\/rentalcars-santorini.com\\\/fr\\\/faq\\\/#local-main-organization-logo\"},\"sameAs\":[\"https:\\\/\\\/www.facebook.com\\\/santorini.rental.agency\\\/\",\"https:\\\/\\\/www.instagram.com\\\/motopanos_santorini\\\/\",\"https:\\\/\\\/gr.pinterest.com\\\/motopanosrentalcaratv\\\/_created\\\/\"],\"address\":{\"@id\":\"https:\\\/\\\/rentalcars-santorini.com\\\/fr\\\/faq\\\/#local-main-place-address\"},\"geo\":{\"@type\":\"GeoCoordinates\",\"latitude\":\"36.40498697149867\",\"longitude\":\"25.471828487705796\"},\"telephone\":[\"+30 697 352 7277\",\"+30 2286 030381\"],\"openingHoursSpecification\":[{\"@type\":\"OpeningHoursSpecification\",\"dayOfWeek\":[\"Monday\",\"Tuesday\",\"Wednesday\",\"Thursday\",\"Friday\",\"Saturday\",\"Sunday\"],\"opens\":\"08:30\",\"closes\":\"22:00\"}],\"email\":\"motopanos@rentalcars-santorini.com\"},{\"@type\":\"PostalAddress\",\"@id\":\"https:\\\/\\\/rentalcars-santorini.com\\\/fr\\\/faq\\\/#local-main-place-address\",\"streetAddress\":\"Mesaria\",\"addressLocality\":\"Santorini\",\"postalCode\":\"847 00\",\"addressCountry\":\"GR\"},{\"@type\":\"ImageObject\",\"inLanguage\":\"fr-FR\",\"@id\":\"https:\\\/\\\/rentalcars-santorini.com\\\/fr\\\/faq\\\/#local-main-organization-logo\",\"url\":\"https:\\\/\\\/rentalcars-santorini.com\\\/wp-content\\\/uploads\\\/2019\\\/10\\\/pro.png\",\"contentUrl\":\"https:\\\/\\\/rentalcars-santorini.com\\\/wp-content\\\/uploads\\\/2019\\\/10\\\/pro.png\",\"width\":172,\"height\":115,\"caption\":\"Moto Panos Rent A Car ATV Quad Bike Santorini\"}]}<\/script>\n<meta name=\"geo.placename\" content=\"Santorini\" \/>\n<meta name=\"geo.position\" content=\"36.40498697149867;25.471828487705796\" \/>\n<meta name=\"geo.region\" content=\"Gr\u00e8ce\" \/>\n<!-- \/ Yoast SEO Premium plugin. -->","yoast_head_json":{"title":"FAQ - Rent a Car,Quad,Scooter,from Moto Panos","description":"Quel \u00e2ge devez-vous avoir pour louer un ATV \u00e0 Santorin Gr\u00e8ce?. Avez-vous besoin d\u2019un permis de conduire international pour louer un ATV \u00e0 Santorin en Gr\u00e8ce?","robots":{"index":"index","follow":"follow","max-snippet":"max-snippet:-1","max-image-preview":"max-image-preview:large","max-video-preview":"max-video-preview:-1"},"canonical":"https:\/\/rentalcars-santorini.com\/fr\/faq\/","og_locale":"fr_FR","og_type":"article","og_title":"FAQ","og_description":"Quel \u00e2ge devez-vous avoir pour louer un ATV \u00e0 Santorin Gr\u00e8ce?. Avez-vous besoin d\u2019un permis de conduire international pour louer un ATV \u00e0 Santorin en Gr\u00e8ce?","og_url":"https:\/\/rentalcars-santorini.com\/fr\/faq\/","og_site_name":"Rent a Car,Quad,Scooter,from Moto Panos","article_publisher":"https:\/\/www.facebook.com\/santorini.rental.agency\/","article_modified_time":"2021-08-05T10:35:34+00:00","og_image":[{"width":1536,"height":2048,"url":"https:\/\/rentalcars-santorini.com\/wp-content\/uploads\/2020\/09\/rent-a-scooter-santorini.jpg","type":"image\/jpeg"}],"twitter_card":"summary_large_image","twitter_misc":{"Dur\u00e9e de lecture estim\u00e9e":"3 minutes"},"schema":{"@context":"https:\/\/schema.org","@graph":[{"@type":"WebPage","@id":"https:\/\/rentalcars-santorini.com\/fr\/faq\/","url":"https:\/\/rentalcars-santorini.com\/fr\/faq\/","name":"FAQ - Rent a Car,Quad,Scooter,from Moto Panos","isPartOf":{"@id":"https:\/\/rentalcars-santorini.com\/fr\/#website"},"datePublished":"2020-08-02T20:23:21+00:00","dateModified":"2021-08-05T10:35:34+00:00","description":"Quel \u00e2ge devez-vous avoir pour louer un ATV \u00e0 Santorin Gr\u00e8ce?. Avez-vous besoin d\u2019un permis de conduire international pour louer un ATV \u00e0 Santorin en Gr\u00e8ce?","breadcrumb":{"@id":"https:\/\/rentalcars-santorini.com\/fr\/faq\/#breadcrumb"},"inLanguage":"fr-FR","potentialAction":[{"@type":"ReadAction","target":["https:\/\/rentalcars-santorini.com\/fr\/faq\/"]}]},{"@type":"BreadcrumbList","@id":"https:\/\/rentalcars-santorini.com\/fr\/faq\/#breadcrumb","itemListElement":[{"@type":"ListItem","position":1,"name":"Home","item":"https:\/\/rentalcars-santorini.com\/fr\/"},{"@type":"ListItem","position":2,"name":"FAQ"}]},{"@type":"WebSite","@id":"https:\/\/rentalcars-santorini.com\/fr\/#website","url":"https:\/\/rentalcars-santorini.com\/fr\/","name":"Rent a Car,Quad,Scooter,from Moto Panos","description":"Rental  ATV Quad Car Scooter in Santorini Greece","publisher":{"@id":"https:\/\/rentalcars-santorini.com\/fr\/#organization"},"potentialAction":[{"@type":"SearchAction","target":{"@type":"EntryPoint","urlTemplate":"https:\/\/rentalcars-santorini.com\/fr\/?s={search_term_string}"},"query-input":{"@type":"PropertyValueSpecification","valueRequired":true,"valueName":"search_term_string"}}],"inLanguage":"fr-FR"},{"@type":["Organization","Place"],"@id":"https:\/\/rentalcars-santorini.com\/fr\/#organization","name":"Moto Panos Rent A Car ATV Quad Bike Santorini","url":"https:\/\/rentalcars-santorini.com\/fr\/","logo":{"@id":"https:\/\/rentalcars-santorini.com\/fr\/faq\/#local-main-organization-logo"},"image":{"@id":"https:\/\/rentalcars-santorini.com\/fr\/faq\/#local-main-organization-logo"},"sameAs":["https:\/\/www.facebook.com\/santorini.rental.agency\/","https:\/\/www.instagram.com\/motopanos_santorini\/","https:\/\/gr.pinterest.com\/motopanosrentalcaratv\/_created\/"],"address":{"@id":"https:\/\/rentalcars-santorini.com\/fr\/faq\/#local-main-place-address"},"geo":{"@type":"GeoCoordinates","latitude":"36.40498697149867","longitude":"25.471828487705796"},"telephone":["+30 697 352 7277","+30 2286 030381"],"openingHoursSpecification":[{"@type":"OpeningHoursSpecification","dayOfWeek":["Monday","Tuesday","Wednesday","Thursday","Friday","Saturday","Sunday"],"opens":"08:30","closes":"22:00"}],"email":"motopanos@rentalcars-santorini.com"},{"@type":"PostalAddress","@id":"https:\/\/rentalcars-santorini.com\/fr\/faq\/#local-main-place-address","streetAddress":"Mesaria","addressLocality":"Santorini","postalCode":"847 00","addressCountry":"GR"},{"@type":"ImageObject","inLanguage":"fr-FR","@id":"https:\/\/rentalcars-santorini.com\/fr\/faq\/#local-main-organization-logo","url":"https:\/\/rentalcars-santorini.com\/wp-content\/uploads\/2019\/10\/pro.png","contentUrl":"https:\/\/rentalcars-santorini.com\/wp-content\/uploads\/2019\/10\/pro.png","width":172,"height":115,"caption":"Moto Panos Rent A Car ATV Quad Bike Santorini"}]},"geo.placename":"Santorini","geo.position":{"lat":"36.40498697149867","long":"25.471828487705796"},"geo.region":"Gr\u00e8ce"},"_links":{"self":[{"href":"https:\/\/rentalcars-santorini.com\/fr\/wp-json\/wp\/v2\/pages\/5511","targetHints":{"allow":["GET"]}}],"collection":[{"href":"https:\/\/rentalcars-santorini.com\/fr\/wp-json\/wp\/v2\/pages"}],"about":[{"href":"https:\/\/rentalcars-santorini.com\/fr\/wp-json\/wp\/v2\/types\/page"}],"author":[{"embeddable":true,"href":"https:\/\/rentalcars-santorini.com\/fr\/wp-json\/wp\/v2\/users\/1"}],"replies":[{"embeddable":true,"href":"https:\/\/rentalcars-santorini.com\/fr\/wp-json\/wp\/v2\/comments?post=5511"}],"version-history":[{"count":29,"href":"https:\/\/rentalcars-santorini.com\/fr\/wp-json\/wp\/v2\/pages\/5511\/revisions"}],"predecessor-version":[{"id":6701,"href":"https:\/\/rentalcars-santorini.com\/fr\/wp-json\/wp\/v2\/pages\/5511\/revisions\/6701"}],"wp:attachment":[{"href":"https:\/\/rentalcars-santorini.com\/fr\/wp-json\/wp\/v2\/media?parent=5511"}],"curies":[{"name":"wp","href":"https:\/\/api.w.org\/{rel}","templated":true}]}}