{"id":5063,"date":"2020-08-02T11:57:37","date_gmt":"2020-08-02T08:57:37","guid":{"rendered":"https:\/\/rentalcars-santorini.com\/chi-siamo\/"},"modified":"2020-09-16T20:10:44","modified_gmt":"2020-09-16T17:10:44","slug":"chi-siamo","status":"publish","type":"page","link":"https:\/\/rentalcars-santorini.com\/it\/chi-siamo\/","title":{"rendered":"Chi Siamo"},"content":{"rendered":"<div class=\"wpb-content-wrapper\"><p>[vc_row full_width=&#8221;stretch_row&#8221; gap=&#8221;35&#8243; full_height=&#8221;yes&#8221; equal_height=&#8221;yes&#8221; content_placement=&#8221;middle&#8221; awb_type=&#8221;color&#8221; awb_color=&#8221;#2591fc&#8221; el_class=&#8221;secondary_color_background box_shadow&#8221;][vc_column width=&#8221;2\/3&#8243; css=&#8221;.vc_custom_1549248549730{background-position: center !important;background-repeat: no-repeat !important;background-size: cover !important;}&#8221;]<div class=\"fancy-title align_left\"><h2 class=\"vc_underline_title vc_title white\">Siamo la tua migliore compagnia di autonoleggio della zona<\/h2><div class=\"vc_underline white\"><\/div><\/div>[vc_column_text el_class=&#8221;white&#8221;]<strong>Moto Panos \u00e8 una societ\u00e0 di autonoleggio con sede a Santorini, Grecia. Nel 1988<\/strong><strong> ha iniziato l&#8217;attivit\u00e0 ad Atene e pochi anni dopo ha aperto l&#8217;ufficio di Santorini, che \u00e8 diventato il principale per l&#8217;azienda. Per 30 anni di esperienza in questo campo abbiamo imparato le nostre lezioni di base e sappiamo cosa offrire per soddisfare i nostri clienti. Mettiamo la sicurezza e la sicurezza dei nostri clienti al primo posto. Offriamo ai nostri clienti un&#8217;abbondanza di diversi tipi di veicoli. Per vedere la vista pi\u00f9 magica di Thira e per visitare la bellezza di Imerovigli, per godersi le spiagge pulite di Kamari e per toccare l&#8217;indimenticabile tramonto di Oia, \u00e8 solo necessario contattare Moto Panos. I pi\u00f9 preferiti al culmine della stagione sono ATV e scooter, grazie alla possibilit\u00e0 di movimento facile e veloce e alla comodit\u00e0 di trovare un parcheggio facile senza perdere tempo da una meritata vacanza. Abbiamo anche una soluzione per grandi gruppi e famiglie con bambini come l&#8217;opzione pi\u00f9 conveniente per loro \u00e8 l&#8217;auto. Tutte le informazioni di cui hai bisogno possono essere trovate sul nostro sito web e ti invitiamo a non esitare e a contattarci se hai bisogno di aiuto o se hai domande.<\/strong>[\/vc_column_text][vc_btn title=&#8221;Prenota ora&#8221; style=&#8221;flat&#8221; color=&#8221;black&#8221; align=&#8221;left&#8221; i_icon_fontawesome=&#8221;fa fa-calendar-plus-o&#8221; add_icon=&#8221;true&#8221; link=&#8221;url:%2F|title:Prenota%20ora|&#8221;][\/vc_column][vc_column width=&#8221;1\/3&#8243; css=&#8221;.vc_custom_1599845059786{padding-top: 100px !important;padding-bottom: 100px !important;background-image: url(https:\/\/rentalcars-santorini.com\/wp-content\/uploads\/2020\/08\/rent-scooter-santorini.jpg?id=4946) !important;background-position: center !important;background-repeat: no-repeat !important;background-size: cover !important;}&#8221;][\/vc_column][\/vc_row][vc_row full_width=&#8221;stretch_row&#8221; el_class=&#8221;primary_color_background box_shadow&#8221; css=&#8221;.vc_custom_1551678287611{padding-top: 64px !important;padding-right: 15px !important;padding-bottom: 64px !important;padding-left: 15px !important;}&#8221;][vc_column width=&#8221;1\/2&#8243; css=&#8221;.vc_custom_1551678127245{padding-top: 16px !important;padding-bottom: 16px !important;}&#8221; offset=&#8221;vc_col-lg-3 vc_col-md-3&#8243;][vc_row_inner][vc_column_inner width=&#8221;1\/4&#8243;][vc_icon icon_fontawesome=&#8221;fa fa-heart&#8221; color=&#8221;secondary_color&#8221; size=&#8221;lg&#8221; align=&#8221;center&#8221; css_animation=&#8221;flipInX&#8221; css=&#8221;.vc_custom_1551678384251{margin-bottom: 10px !important;}&#8221;][\/vc_column_inner][vc_column_inner width=&#8221;3\/4&#8243;]<div><div class=\"stat_counter_wrapper white\"><div id=\"wpcr-counter917854\" class=\"stat_counter default\" data-count_to=\"9629\">-<\/div><div class=\"stat_title\">Clienti soddisfatti<\/div><\/div><\/div>[\/vc_column_inner][\/vc_row_inner][\/vc_column][vc_column width=&#8221;1\/2&#8243; css=&#8221;.vc_custom_1551678132917{padding-top: 16px !important;padding-bottom: 16px !important;}&#8221; offset=&#8221;vc_col-lg-3 vc_col-md-3&#8243;][vc_row_inner][vc_column_inner width=&#8221;1\/4&#8243;][vc_icon icon_fontawesome=&#8221;fa fa-car&#8221; color=&#8221;secondary_color&#8221; size=&#8221;lg&#8221; align=&#8221;center&#8221; css_animation=&#8221;flipInX&#8221; css=&#8221;.vc_custom_1551678389420{margin-bottom: 10px !important;}&#8221;][\/vc_column_inner][vc_column_inner width=&#8221;3\/4&#8243;]<div><div class=\"stat_counter_wrapper white\"><div id=\"wpcr-counter848676\" class=\"stat_counter default\" data-count_to=\"164\">-<\/div><div class=\"stat_title\">Veicoli elencati<\/div><\/div><\/div>[\/vc_column_inner][\/vc_row_inner][\/vc_column][vc_column width=&#8221;1\/2&#8243; css=&#8221;.vc_custom_1551678141723{padding-top: 16px !important;padding-bottom: 16px !important;}&#8221; offset=&#8221;vc_col-lg-3 vc_col-md-3&#8243;][vc_row_inner][vc_column_inner width=&#8221;1\/4&#8243;][vc_icon icon_fontawesome=&#8221;fa fa-map-marker&#8221; color=&#8221;secondary_color&#8221; size=&#8221;lg&#8221; align=&#8221;center&#8221; css_animation=&#8221;flipInX&#8221; css=&#8221;.vc_custom_1551678393392{margin-bottom: 10px !important;}&#8221;][\/vc_column_inner][vc_column_inner width=&#8221;3\/4&#8243;]<div><div class=\"stat_counter_wrapper white\"><div id=\"wpcr-counter902959\" class=\"stat_counter default\" data-count_to=\"6\">-<\/div><div class=\"stat_title\">Localit\u00e0 disponibili<\/div><\/div><\/div>[\/vc_column_inner][\/vc_row_inner][\/vc_column][vc_column width=&#8221;1\/2&#8243; css=&#8221;.vc_custom_1551678146263{padding-top: 16px !important;padding-bottom: 16px !important;}&#8221; offset=&#8221;vc_col-lg-3 vc_col-md-3&#8243;][vc_row_inner][vc_column_inner width=&#8221;1\/4&#8243;][vc_icon icon_fontawesome=&#8221;fa fa-calendar-check-o&#8221; color=&#8221;secondary_color&#8221; size=&#8221;lg&#8221; align=&#8221;center&#8221; css_animation=&#8221;flipInX&#8221; css=&#8221;.vc_custom_1551678398341{margin-bottom: 10px !important;}&#8221;][\/vc_column_inner][vc_column_inner width=&#8221;3\/4&#8243;]<div><div class=\"stat_counter_wrapper white\"><div id=\"wpcr-counter525358\" class=\"stat_counter default\" data-count_to=\"9548\">-<\/div><div class=\"stat_title\">Prenotazioni effettuate<\/div><\/div><\/div>[\/vc_column_inner][\/vc_row_inner][\/vc_column][\/vc_row][vc_row css=&#8221;.vc_custom_1549260584699{padding-top: 64px !important;padding-bottom: 64px !important;}&#8221;][vc_column]<div class=\"fancy-title align_center\"><h2 class=\"vc_underline_title vc_title black\">Caratteristiche dell&#039;azienda<\/h2><div class=\"vc_underline secondary_color_background\"><\/div><\/div>[vc_column_text el_class=&#8221;align_center&#8221;]I piccoli dettagli fanno la differenza[\/vc_column_text][vc_row_inner css=&#8221;.vc_custom_1549250696928{margin-top: 64px !important;}&#8221;][vc_column_inner width=&#8221;1\/3&#8243;][vc_icon icon_fontawesome=&#8221;fa fa-star&#8221; color=&#8221;primary_color&#8221; size=&#8221;xl&#8221; align=&#8221;center&#8221;][vc_column_text el_class=&#8221;align_center&#8221;]<\/p>\n<h4 class=\"secondary_color\">Oltre 30 anni di attivit\u00e0<\/h4>\n<p>Con oltre trent&#8217;anni di esperienza nel noleggio di un mercato dell&#8217;auto, sappiamo cosa stai cercando in un noleggio di modelli di veicoli. Sappiamo che vuoi un&#8217;auto eccellente, scooter, ATV per un&#8217;esperienza di guida ideale. Ci impegniamo a soddisfare tutte queste aspettative e a garantire che tu abbia un&#8217;esperienza indulgente ed eccellente ogni volta. Promettiamo la massima soddisfazione per ogni modello di veicolo che noleggi[\/vc_column_text][\/vc_column_inner][vc_column_inner width=&#8221;1\/3&#8243;][vc_icon icon_fontawesome=&#8221;fa fa-wrench&#8221; color=&#8221;primary_color&#8221; size=&#8221;xl&#8221; align=&#8221;center&#8221;][vc_column_text el_class=&#8221;align_center&#8221;]<\/p>\n<h4 class=\"secondary_color\">Veicoli ben mantenuti<\/h4>\n<p>Abbiamo gli ultimi modelli dei marchi di veicoli pi\u00f9 ricercati. Garantiamo a tutti gli ATV, scooter e auto che sono nuovi e vengono ispezionati ogni giorno dai nostri meccanici che garantisce la vostra tranquillit\u00e0 sulla strada, Basta dirci cosa sognate di guidare, o visitare il nostro flot per controllare le auto di persona. Andrai via con stile e ti avveri la tua fantasia di guida![\/vc_column_text][\/vc_column_inner][vc_column_inner width=&#8221;1\/3&#8243;][vc_icon icon_fontawesome=&#8221;fa fa-ticket&#8221; color=&#8221;primary_color&#8221; size=&#8221;xl&#8221; align=&#8221;center&#8221;][vc_column_text el_class=&#8221;align_center&#8221;]<\/p>\n<h4 class=\"secondary_color\">Prezzi convenienti<\/h4>\n<p>Paga molto meno per il tuo noleggio auto nel Santorini con i migliori marchi.<\/p>\n<p>I migliori prezzi per tutti.[\/vc_column_text][\/vc_column_inner][\/vc_row_inner][\/vc_column][\/vc_row]<\/p>\n<\/div>","protected":false},"excerpt":{"rendered":"<p>[vc_row full_width=&#8221;stretch_row&#8221; gap=&#8221;35&#8243; full_height=&#8221;yes&#8221; equal_height=&#8221;yes&#8221; content_placement=&#8221;middle&#8221; awb_type=&#8221;color&#8221; awb_color=&#8221;#2591fc&#8221; el_class=&#8221;secondary_color_background box_shadow&#8221;][vc_column width=&#8221;2\/3&#8243; css=&#8221;.vc_custom_1549248549730{background-position: center !important;background-repeat: no-repeat !important;background-size: cover !important;}&#8221;][vc_column_text el_class=&#8221;white&#8221;]Moto Panos \u00e8 una societ\u00e0 di autonoleggio con sede a Santorini, Grecia. Nel 1988 ha iniziato l&#8217;attivit\u00e0 ad Atene e pochi anni dopo ha aperto l&#8217;ufficio di Santorini, che \u00e8 diventato il principale per l&#8217;azienda. Per 30 [&hellip;]<\/p>\n","protected":false},"author":1,"featured_media":0,"parent":0,"menu_order":0,"comment_status":"closed","ping_status":"closed","template":"homepage.php","meta":{"footnotes":""},"class_list":["post-5063","page","type-page","status-publish","hentry"],"yoast_head":"<!-- This site is optimized with the Yoast SEO Premium plugin v27.3 (Yoast SEO v27.3) - https:\/\/yoast.com\/product\/yoast-seo-premium-wordpress\/ -->\n<title>Chi Siamo - Rent a Car,Quad,Scooter,from Moto Panos<\/title>\n<meta name=\"description\" content=\"Siamo la tua migliore azienda di noleggio ATV Cars Scooter a Santorini. Il tuo veicolo fantastico \u00e8 pi\u00f9 vicino di quanto pensi. Affitta ora per la tua vacanza.\" \/>\n<meta name=\"robots\" content=\"index, follow, max-snippet:-1, max-image-preview:large, max-video-preview:-1\" \/>\n<link rel=\"canonical\" href=\"https:\/\/rentalcars-santorini.com\/it\/chi-siamo\/\" \/>\n<meta property=\"og:locale\" content=\"it_IT\" \/>\n<meta property=\"og:type\" content=\"article\" \/>\n<meta property=\"og:title\" content=\"Chi Siamo\" \/>\n<meta property=\"og:description\" content=\"Siamo la tua migliore azienda di noleggio ATV Cars Scooter a Santorini. Il tuo veicolo fantastico \u00e8 pi\u00f9 vicino di quanto pensi. Affitta ora per la tua vacanza.\" \/>\n<meta property=\"og:url\" content=\"https:\/\/rentalcars-santorini.com\/it\/chi-siamo\/\" \/>\n<meta property=\"og:site_name\" content=\"Rent a Car,Quad,Scooter,from Moto Panos\" \/>\n<meta property=\"article:publisher\" content=\"https:\/\/www.facebook.com\/santorini.rental.agency\/\" \/>\n<meta property=\"article:modified_time\" content=\"2020-09-16T17:10:44+00:00\" \/>\n<meta property=\"og:image\" content=\"https:\/\/rentalcars-santorini.com\/wp-content\/uploads\/2020\/09\/rent-a-scooter-santorini.jpg\" \/>\n\t<meta property=\"og:image:width\" content=\"1536\" \/>\n\t<meta property=\"og:image:height\" content=\"2048\" \/>\n\t<meta property=\"og:image:type\" content=\"image\/jpeg\" \/>\n<meta name=\"twitter:card\" content=\"summary_large_image\" \/>\n<meta name=\"twitter:label1\" content=\"Tempo di lettura stimato\" \/>\n\t<meta name=\"twitter:data1\" content=\"5 minuti\" \/>\n<script type=\"application\/ld+json\" class=\"yoast-schema-graph\">{\"@context\":\"https:\\\/\\\/schema.org\",\"@graph\":[{\"@type\":\"WebPage\",\"@id\":\"https:\\\/\\\/rentalcars-santorini.com\\\/it\\\/chi-siamo\\\/\",\"url\":\"https:\\\/\\\/rentalcars-santorini.com\\\/it\\\/chi-siamo\\\/\",\"name\":\"Chi Siamo - Rent a Car,Quad,Scooter,from Moto Panos\",\"isPartOf\":{\"@id\":\"https:\\\/\\\/rentalcars-santorini.com\\\/it\\\/#website\"},\"datePublished\":\"2020-08-02T08:57:37+00:00\",\"dateModified\":\"2020-09-16T17:10:44+00:00\",\"description\":\"Siamo la tua migliore azienda di noleggio ATV Cars Scooter a Santorini. Il tuo veicolo fantastico \u00e8 pi\u00f9 vicino di quanto pensi. Affitta ora per la tua vacanza.\",\"breadcrumb\":{\"@id\":\"https:\\\/\\\/rentalcars-santorini.com\\\/it\\\/chi-siamo\\\/#breadcrumb\"},\"inLanguage\":\"it-IT\",\"potentialAction\":[{\"@type\":\"ReadAction\",\"target\":[\"https:\\\/\\\/rentalcars-santorini.com\\\/it\\\/chi-siamo\\\/\"]}]},{\"@type\":\"BreadcrumbList\",\"@id\":\"https:\\\/\\\/rentalcars-santorini.com\\\/it\\\/chi-siamo\\\/#breadcrumb\",\"itemListElement\":[{\"@type\":\"ListItem\",\"position\":1,\"name\":\"Home\",\"item\":\"https:\\\/\\\/rentalcars-santorini.com\\\/it\\\/\"},{\"@type\":\"ListItem\",\"position\":2,\"name\":\"Chi Siamo\"}]},{\"@type\":\"WebSite\",\"@id\":\"https:\\\/\\\/rentalcars-santorini.com\\\/it\\\/#website\",\"url\":\"https:\\\/\\\/rentalcars-santorini.com\\\/it\\\/\",\"name\":\"Rent a Car,Quad,Scooter,from Moto Panos\",\"description\":\"Rental  ATV Quad Car Scooter in Santorini Greece\",\"publisher\":{\"@id\":\"https:\\\/\\\/rentalcars-santorini.com\\\/it\\\/#organization\"},\"potentialAction\":[{\"@type\":\"SearchAction\",\"target\":{\"@type\":\"EntryPoint\",\"urlTemplate\":\"https:\\\/\\\/rentalcars-santorini.com\\\/it\\\/?s={search_term_string}\"},\"query-input\":{\"@type\":\"PropertyValueSpecification\",\"valueRequired\":true,\"valueName\":\"search_term_string\"}}],\"inLanguage\":\"it-IT\"},{\"@type\":[\"Organization\",\"Place\"],\"@id\":\"https:\\\/\\\/rentalcars-santorini.com\\\/it\\\/#organization\",\"name\":\"Moto Panos Rent A Car ATV Quad Bike Santorini\",\"url\":\"https:\\\/\\\/rentalcars-santorini.com\\\/it\\\/\",\"logo\":{\"@id\":\"https:\\\/\\\/rentalcars-santorini.com\\\/it\\\/chi-siamo\\\/#local-main-organization-logo\"},\"image\":{\"@id\":\"https:\\\/\\\/rentalcars-santorini.com\\\/it\\\/chi-siamo\\\/#local-main-organization-logo\"},\"sameAs\":[\"https:\\\/\\\/www.facebook.com\\\/santorini.rental.agency\\\/\",\"https:\\\/\\\/www.instagram.com\\\/motopanos_santorini\\\/\",\"https:\\\/\\\/gr.pinterest.com\\\/motopanosrentalcaratv\\\/_created\\\/\"],\"address\":{\"@id\":\"https:\\\/\\\/rentalcars-santorini.com\\\/it\\\/chi-siamo\\\/#local-main-place-address\"},\"geo\":{\"@type\":\"GeoCoordinates\",\"latitude\":\"36.40498697149867\",\"longitude\":\"25.471828487705796\"},\"telephone\":[\"+30 697 352 7277\",\"+30 2286 030381\"],\"openingHoursSpecification\":[{\"@type\":\"OpeningHoursSpecification\",\"dayOfWeek\":[\"Monday\",\"Tuesday\",\"Wednesday\",\"Thursday\",\"Friday\",\"Saturday\",\"Sunday\"],\"opens\":\"08:30\",\"closes\":\"22:00\"}],\"email\":\"motopanos@rentalcars-santorini.com\"},{\"@type\":\"PostalAddress\",\"@id\":\"https:\\\/\\\/rentalcars-santorini.com\\\/it\\\/chi-siamo\\\/#local-main-place-address\",\"streetAddress\":\"Mesaria\",\"addressLocality\":\"Santorini\",\"postalCode\":\"847 00\",\"addressCountry\":\"GR\"},{\"@type\":\"ImageObject\",\"inLanguage\":\"it-IT\",\"@id\":\"https:\\\/\\\/rentalcars-santorini.com\\\/it\\\/chi-siamo\\\/#local-main-organization-logo\",\"url\":\"https:\\\/\\\/rentalcars-santorini.com\\\/wp-content\\\/uploads\\\/2019\\\/10\\\/pro.png\",\"contentUrl\":\"https:\\\/\\\/rentalcars-santorini.com\\\/wp-content\\\/uploads\\\/2019\\\/10\\\/pro.png\",\"width\":172,\"height\":115,\"caption\":\"Moto Panos Rent A Car ATV Quad Bike Santorini\"}]}<\/script>\n<meta name=\"geo.placename\" content=\"Santorini\" \/>\n<meta name=\"geo.position\" content=\"36.40498697149867;25.471828487705796\" \/>\n<meta name=\"geo.region\" content=\"Grecia\" \/>\n<!-- \/ Yoast SEO Premium plugin. -->","yoast_head_json":{"title":"Chi Siamo - Rent a Car,Quad,Scooter,from Moto Panos","description":"Siamo la tua migliore azienda di noleggio ATV Cars Scooter a Santorini. Il tuo veicolo fantastico \u00e8 pi\u00f9 vicino di quanto pensi. Affitta ora per la tua vacanza.","robots":{"index":"index","follow":"follow","max-snippet":"max-snippet:-1","max-image-preview":"max-image-preview:large","max-video-preview":"max-video-preview:-1"},"canonical":"https:\/\/rentalcars-santorini.com\/it\/chi-siamo\/","og_locale":"it_IT","og_type":"article","og_title":"Chi Siamo","og_description":"Siamo la tua migliore azienda di noleggio ATV Cars Scooter a Santorini. Il tuo veicolo fantastico \u00e8 pi\u00f9 vicino di quanto pensi. Affitta ora per la tua vacanza.","og_url":"https:\/\/rentalcars-santorini.com\/it\/chi-siamo\/","og_site_name":"Rent a Car,Quad,Scooter,from Moto Panos","article_publisher":"https:\/\/www.facebook.com\/santorini.rental.agency\/","article_modified_time":"2020-09-16T17:10:44+00:00","og_image":[{"width":1536,"height":2048,"url":"https:\/\/rentalcars-santorini.com\/wp-content\/uploads\/2020\/09\/rent-a-scooter-santorini.jpg","type":"image\/jpeg"}],"twitter_card":"summary_large_image","twitter_misc":{"Tempo di lettura stimato":"5 minuti"},"schema":{"@context":"https:\/\/schema.org","@graph":[{"@type":"WebPage","@id":"https:\/\/rentalcars-santorini.com\/it\/chi-siamo\/","url":"https:\/\/rentalcars-santorini.com\/it\/chi-siamo\/","name":"Chi Siamo - Rent a Car,Quad,Scooter,from Moto Panos","isPartOf":{"@id":"https:\/\/rentalcars-santorini.com\/it\/#website"},"datePublished":"2020-08-02T08:57:37+00:00","dateModified":"2020-09-16T17:10:44+00:00","description":"Siamo la tua migliore azienda di noleggio ATV Cars Scooter a Santorini. Il tuo veicolo fantastico \u00e8 pi\u00f9 vicino di quanto pensi. Affitta ora per la tua vacanza.","breadcrumb":{"@id":"https:\/\/rentalcars-santorini.com\/it\/chi-siamo\/#breadcrumb"},"inLanguage":"it-IT","potentialAction":[{"@type":"ReadAction","target":["https:\/\/rentalcars-santorini.com\/it\/chi-siamo\/"]}]},{"@type":"BreadcrumbList","@id":"https:\/\/rentalcars-santorini.com\/it\/chi-siamo\/#breadcrumb","itemListElement":[{"@type":"ListItem","position":1,"name":"Home","item":"https:\/\/rentalcars-santorini.com\/it\/"},{"@type":"ListItem","position":2,"name":"Chi Siamo"}]},{"@type":"WebSite","@id":"https:\/\/rentalcars-santorini.com\/it\/#website","url":"https:\/\/rentalcars-santorini.com\/it\/","name":"Rent a Car,Quad,Scooter,from Moto Panos","description":"Rental  ATV Quad Car Scooter in Santorini Greece","publisher":{"@id":"https:\/\/rentalcars-santorini.com\/it\/#organization"},"potentialAction":[{"@type":"SearchAction","target":{"@type":"EntryPoint","urlTemplate":"https:\/\/rentalcars-santorini.com\/it\/?s={search_term_string}"},"query-input":{"@type":"PropertyValueSpecification","valueRequired":true,"valueName":"search_term_string"}}],"inLanguage":"it-IT"},{"@type":["Organization","Place"],"@id":"https:\/\/rentalcars-santorini.com\/it\/#organization","name":"Moto Panos Rent A Car ATV Quad Bike Santorini","url":"https:\/\/rentalcars-santorini.com\/it\/","logo":{"@id":"https:\/\/rentalcars-santorini.com\/it\/chi-siamo\/#local-main-organization-logo"},"image":{"@id":"https:\/\/rentalcars-santorini.com\/it\/chi-siamo\/#local-main-organization-logo"},"sameAs":["https:\/\/www.facebook.com\/santorini.rental.agency\/","https:\/\/www.instagram.com\/motopanos_santorini\/","https:\/\/gr.pinterest.com\/motopanosrentalcaratv\/_created\/"],"address":{"@id":"https:\/\/rentalcars-santorini.com\/it\/chi-siamo\/#local-main-place-address"},"geo":{"@type":"GeoCoordinates","latitude":"36.40498697149867","longitude":"25.471828487705796"},"telephone":["+30 697 352 7277","+30 2286 030381"],"openingHoursSpecification":[{"@type":"OpeningHoursSpecification","dayOfWeek":["Monday","Tuesday","Wednesday","Thursday","Friday","Saturday","Sunday"],"opens":"08:30","closes":"22:00"}],"email":"motopanos@rentalcars-santorini.com"},{"@type":"PostalAddress","@id":"https:\/\/rentalcars-santorini.com\/it\/chi-siamo\/#local-main-place-address","streetAddress":"Mesaria","addressLocality":"Santorini","postalCode":"847 00","addressCountry":"GR"},{"@type":"ImageObject","inLanguage":"it-IT","@id":"https:\/\/rentalcars-santorini.com\/it\/chi-siamo\/#local-main-organization-logo","url":"https:\/\/rentalcars-santorini.com\/wp-content\/uploads\/2019\/10\/pro.png","contentUrl":"https:\/\/rentalcars-santorini.com\/wp-content\/uploads\/2019\/10\/pro.png","width":172,"height":115,"caption":"Moto Panos Rent A Car ATV Quad Bike Santorini"}]},"geo.placename":"Santorini","geo.position":{"lat":"36.40498697149867","long":"25.471828487705796"},"geo.region":"Grecia"},"_links":{"self":[{"href":"https:\/\/rentalcars-santorini.com\/it\/wp-json\/wp\/v2\/pages\/5063","targetHints":{"allow":["GET"]}}],"collection":[{"href":"https:\/\/rentalcars-santorini.com\/it\/wp-json\/wp\/v2\/pages"}],"about":[{"href":"https:\/\/rentalcars-santorini.com\/it\/wp-json\/wp\/v2\/types\/page"}],"author":[{"embeddable":true,"href":"https:\/\/rentalcars-santorini.com\/it\/wp-json\/wp\/v2\/users\/1"}],"replies":[{"embeddable":true,"href":"https:\/\/rentalcars-santorini.com\/it\/wp-json\/wp\/v2\/comments?post=5063"}],"version-history":[{"count":19,"href":"https:\/\/rentalcars-santorini.com\/it\/wp-json\/wp\/v2\/pages\/5063\/revisions"}],"predecessor-version":[{"id":6355,"href":"https:\/\/rentalcars-santorini.com\/it\/wp-json\/wp\/v2\/pages\/5063\/revisions\/6355"}],"wp:attachment":[{"href":"https:\/\/rentalcars-santorini.com\/it\/wp-json\/wp\/v2\/media?parent=5063"}],"curies":[{"name":"wp","href":"https:\/\/api.w.org\/{rel}","templated":true}]}}